{"id":2600,"date":"2022-12-28T15:36:14","date_gmt":"2022-12-28T20:36:14","guid":{"rendered":"https:\/\/calumetmedia.ottawavalleymedia.ca\/a-propos-de-calumet-media\/"},"modified":"2024-01-04T18:53:08","modified_gmt":"2024-01-04T23:53:08","slug":"a-propos-de-calumet-media","status":"publish","type":"page","link":"https:\/\/calumetmedia.ca\/fr\/a-propos-de-calumet-media\/","title":{"rendered":"\u00c0 propos de Calumet Media"},"content":{"rendered":"\t\t<div data-elementor-type=\"wp-page\" data-elementor-id=\"2600\" class=\"elementor elementor-2600 elementor-1263\" data-elementor-post-type=\"page\">\n\t\t\t\t<div class=\"elementor-element elementor-element-f83b038 e-flex e-con-boxed e-con e-parent\" data-id=\"f83b038\" data-element_type=\"container\" data-e-type=\"container\">\n\t\t\t\t\t<div class=\"e-con-inner\">\n\t\t<div class=\"elementor-element elementor-element-5f73802 e-flex e-con-boxed e-con e-child\" data-id=\"5f73802\" data-element_type=\"container\" data-e-type=\"container\">\n\t\t\t\t\t<div class=\"e-con-inner\">\n\t\t\t\t<div class=\"elementor-element elementor-element-2b022cf9 elementor-widget elementor-widget-text-editor\" data-id=\"2b022cf9\" data-element_type=\"widget\" data-e-type=\"widget\" data-widget_type=\"text-editor.default\">\n\t\t\t\t<div class=\"elementor-widget-container\">\n\t\t\t\t\t\t\t\t\t<p>De la conception et de l&rsquo;h\u00e9bergement de sites Web \u00e0 l&rsquo;int\u00e9gration technologique, Calumet Media &amp; Consulting aide les petites entreprises \u00e0 trouver des solutions technologiques aux d\u00e9fis commerciaux d&rsquo;aujourd&rsquo;hui.\u00a0<\/p><p><span style=\"text-align: var(--text-align);\">Nous nous inspirons de l&rsquo;\u00eele de Calumet, la deuxi\u00e8me plus grande \u00eele de la rivi\u00e8re des Outaouais, connue sous le nom de L&rsquo;ile-du-Grand-Calumet. Cette \u00eele a toujours \u00e9t\u00e9 un carrefour o\u00f9 les communaut\u00e9s locales des deux c\u00f4t\u00e9s de la rivi\u00e8re se r\u00e9unissent pour faire du commerce et partager des histoires.<\/span><\/p><p><span style=\"text-align: var(--text-align);\">Aujourd&rsquo;hui, l&rsquo;art du conte et du commerce s&rsquo;est d\u00e9plac\u00e9 vers le monde num\u00e9rique. Les sites web, les m\u00e9dias sociaux et le commerce \u00e9lectronique red\u00e9finissent les interactions commerciales. Chez Calumet Media &amp; Consulting, nous nous engageons \u00e0 guider les entreprises dans cette transformation num\u00e9rique. Notre objectif est de leur permettre d&rsquo;exploiter la puissance des plateformes en ligne, d&rsquo;\u00e9tendre leur port\u00e9e et d&rsquo;entrer en contact avec de nouveaux clients.<\/span><\/p>\t\t\t\t\t\t\t\t<\/div>\n\t\t\t\t<\/div>\n\t\t\t\t\t<\/div>\n\t\t\t\t<\/div>\n\t\t<div class=\"elementor-element elementor-element-eccfbb2 e-flex e-con-boxed e-con e-child\" data-id=\"eccfbb2\" data-element_type=\"container\" data-e-type=\"container\" data-settings=\"{&quot;background_background&quot;:&quot;classic&quot;}\">\n\t\t\t\t\t<div class=\"e-con-inner\">\n\t\t\t\t<div class=\"elementor-element elementor-element-93d4e8f elementor-widget elementor-widget-image\" data-id=\"93d4e8f\" data-element_type=\"widget\" data-e-type=\"widget\" data-widget_type=\"image.default\">\n\t\t\t\t<div class=\"elementor-widget-container\">\n\t\t\t\t\t\t\t\t\t\t\t\t\t\t\t<img fetchpriority=\"high\" decoding=\"async\" width=\"800\" height=\"516\" src=\"https:\/\/calumetmedia.ca\/wp-content\/uploads\/2023\/11\/calumet-media-logo-2024-blue-1024x661.png\" class=\"attachment-large size-large wp-image-3445\" alt=\"Calumet Media, a website design and hosting company based out of the Pontiac region of the Outaouais.\" srcset=\"https:\/\/calumetmedia.ca\/wp-content\/uploads\/2023\/11\/calumet-media-logo-2024-blue-1024x661.png 1024w, https:\/\/calumetmedia.ca\/wp-content\/uploads\/2023\/11\/calumet-media-logo-2024-blue-300x194.png 300w, https:\/\/calumetmedia.ca\/wp-content\/uploads\/2023\/11\/calumet-media-logo-2024-blue-768x495.png 768w, https:\/\/calumetmedia.ca\/wp-content\/uploads\/2023\/11\/calumet-media-logo-2024-blue.png 1096w\" sizes=\"(max-width: 800px) 100vw, 800px\" \/>\t\t\t\t\t\t\t\t\t\t\t\t\t\t\t<\/div>\n\t\t\t\t<\/div>\n\t\t\t\t\t<\/div>\n\t\t\t\t<\/div>\n\t\t\t\t\t<\/div>\n\t\t\t\t<\/div>\n\t\t<div class=\"elementor-element elementor-element-f4a2b44 e-flex e-con-boxed e-con e-parent\" data-id=\"f4a2b44\" data-element_type=\"container\" data-e-type=\"container\" data-settings=\"{&quot;background_background&quot;:&quot;classic&quot;}\">\n\t\t\t\t\t<div class=\"e-con-inner\">\n\t\t<div class=\"elementor-element elementor-element-9bab767 e-con-full e-flex e-con e-child\" data-id=\"9bab767\" data-element_type=\"container\" data-e-type=\"container\" data-settings=\"{&quot;background_background&quot;:&quot;classic&quot;}\">\n\t\t\t\t<\/div>\n\t\t<div class=\"elementor-element elementor-element-58512c4 e-con-full e-flex e-con e-child\" data-id=\"58512c4\" data-element_type=\"container\" data-e-type=\"container\">\n\t\t\t\t<div class=\"elementor-element elementor-element-3602be4 elementor-widget elementor-widget-heading\" data-id=\"3602be4\" data-element_type=\"widget\" data-e-type=\"widget\" data-widget_type=\"heading.default\">\n\t\t\t\t<div class=\"elementor-widget-container\">\n\t\t\t\t\t<h2 class=\"elementor-heading-title elementor-size-default\">\u00c0 propos de Jon Stewart<\/h2>\t\t\t\t<\/div>\n\t\t\t\t<\/div>\n\t\t\t\t<div class=\"elementor-element elementor-element-683d738 elementor-widget elementor-widget-text-editor\" data-id=\"683d738\" data-element_type=\"widget\" data-e-type=\"widget\" data-widget_type=\"text-editor.default\">\n\t\t\t\t<div class=\"elementor-widget-container\">\n\t\t\t\t\t\t\t\t\t<p>Fort d&rsquo;une riche exp\u00e9rience de 20 ans dans l&rsquo;industrie canadienne des m\u00e9dias, Jon a \u00e9t\u00e9 \u00e0 l&rsquo;avant-garde de la vague de transformation num\u00e9rique. N\u00e9 et \u00e9lev\u00e9 dans le Pontiac, il a commenc\u00e9 sa carri\u00e8re \u00e0 la radio, o\u00f9 il a perfectionn\u00e9 pendant 12 ans ses comp\u00e9tences en mati\u00e8re d&rsquo;engagement de l&rsquo;auditoire et de cr\u00e9ation de contenu. Il a ensuite travaill\u00e9 pendant huit ans dans la presse \u00e9crite, o\u00f9 il a mis \u00e0 profit son expertise croissante des m\u00e9dias num\u00e9riques pour transformer la strat\u00e9gie de vente de publicit\u00e9 de l&rsquo;un des plus grands \u00e9diteurs du Canada.<\/p>\t\t\t\t\t\t\t\t<\/div>\n\t\t\t\t<\/div>\n\t\t\t\t<div class=\"elementor-element elementor-element-48d2f1b elementor-widget elementor-widget-text-editor\" data-id=\"48d2f1b\" data-element_type=\"widget\" data-e-type=\"widget\" data-widget_type=\"text-editor.default\">\n\t\t\t\t<div class=\"elementor-widget-container\">\n\t\t\t\t\t\t\t\t\t<p>Jon est revenu dans le Pontiac en 2018 et vit au fond des bois d&rsquo;Otter Lake Qu\u00e9bec.<\/p>\t\t\t\t\t\t\t\t<\/div>\n\t\t\t\t<\/div>\n\t\t\t\t<\/div>\n\t\t\t\t\t<\/div>\n\t\t\t\t<\/div>\n\t\t\t\t<\/div>\n\t\t","protected":false},"excerpt":{"rendered":"<p>De la conception et de l&rsquo;h\u00e9bergement de sites Web \u00e0 l&rsquo;int\u00e9gration technologique, Calumet Media &amp; Consulting aide les petites entreprises \u00e0 trouver des solutions technologiques aux d\u00e9fis commerciaux d&rsquo;aujourd&rsquo;hui.\u00a0 Nous nous inspirons de l&rsquo;\u00eele de Calumet, la deuxi\u00e8me plus grande \u00eele de la rivi\u00e8re des Outaouais, connue sous le nom de L&rsquo;ile-du-Grand-Calumet. Cette \u00eele a [&hellip;]<\/p>\n","protected":false},"author":1,"featured_media":2223,"parent":0,"menu_order":0,"comment_status":"closed","ping_status":"closed","template":"elementor_theme","meta":{"footnotes":""},"class_list":["post-2600","page","type-page","status-publish","has-post-thumbnail","hentry"],"yoast_head":"<!-- This site is optimized with the Yoast SEO plugin v27.3 - https:\/\/yoast.com\/product\/yoast-seo-wordpress\/ -->\n<title>\u00c0 Propos de Nous - Calumet Media<\/title>\n<meta name=\"robots\" content=\"index, follow, max-snippet:-1, max-image-preview:large, max-video-preview:-1\" \/>\n<link rel=\"canonical\" href=\"https:\/\/calumetmedia.ca\/fr\/a-propos-de-calumet-media\/\" \/>\n<meta property=\"og:locale\" content=\"fr_FR\" \/>\n<meta property=\"og:type\" content=\"article\" \/>\n<meta property=\"og:title\" content=\"\u00c0 Propos de Nous - Calumet Media\" \/>\n<meta property=\"og:description\" content=\"De la conception et de l&rsquo;h\u00e9bergement de sites Web \u00e0 l&rsquo;int\u00e9gration technologique, Calumet Media &amp; Consulting aide les petites entreprises \u00e0 trouver des solutions technologiques aux d\u00e9fis commerciaux d&rsquo;aujourd&rsquo;hui.\u00a0 Nous nous inspirons de l&rsquo;\u00eele de Calumet, la deuxi\u00e8me plus grande \u00eele de la rivi\u00e8re des Outaouais, connue sous le nom de L&rsquo;ile-du-Grand-Calumet. Cette \u00eele a [&hellip;]\" \/>\n<meta property=\"og:url\" content=\"https:\/\/calumetmedia.ca\/fr\/a-propos-de-calumet-media\/\" \/>\n<meta property=\"og:site_name\" content=\"Calumet Media\" \/>\n<meta property=\"article:publisher\" content=\"https:\/\/www.facebook.com\/calumetmedia\" \/>\n<meta property=\"article:modified_time\" content=\"2024-01-04T23:53:08+00:00\" \/>\n<meta property=\"og:image\" content=\"https:\/\/calumetmedia.ca\/wp-content\/uploads\/2022\/12\/large-forest-backgroud-darker.jpg\" \/>\n\t<meta property=\"og:image:width\" content=\"1900\" \/>\n\t<meta property=\"og:image:height\" content=\"1267\" \/>\n\t<meta property=\"og:image:type\" content=\"image\/jpeg\" \/>\n<meta name=\"twitter:card\" content=\"summary_large_image\" \/>\n<meta name=\"twitter:site\" content=\"@calumetmedia\" \/>\n<meta name=\"twitter:label1\" content=\"Dur\u00e9e de lecture estim\u00e9e\" \/>\n\t<meta name=\"twitter:data1\" content=\"2 minutes\" \/>\n<script type=\"application\/ld+json\" class=\"yoast-schema-graph\">{\"@context\":\"https:\\\/\\\/schema.org\",\"@graph\":[{\"@type\":\"WebPage\",\"@id\":\"https:\\\/\\\/calumetmedia.ca\\\/fr\\\/a-propos-de-calumet-media\\\/\",\"url\":\"https:\\\/\\\/calumetmedia.ca\\\/fr\\\/a-propos-de-calumet-media\\\/\",\"name\":\"\u00c0 Propos de Nous - Calumet Media\",\"isPartOf\":{\"@id\":\"https:\\\/\\\/calumetmedia.ca\\\/fr\\\/#website\"},\"primaryImageOfPage\":{\"@id\":\"https:\\\/\\\/calumetmedia.ca\\\/fr\\\/a-propos-de-calumet-media\\\/#primaryimage\"},\"image\":{\"@id\":\"https:\\\/\\\/calumetmedia.ca\\\/fr\\\/a-propos-de-calumet-media\\\/#primaryimage\"},\"thumbnailUrl\":\"https:\\\/\\\/calumetmedia.ca\\\/wp-content\\\/uploads\\\/2022\\\/12\\\/large-forest-backgroud-darker.jpg\",\"datePublished\":\"2022-12-28T20:36:14+00:00\",\"dateModified\":\"2024-01-04T23:53:08+00:00\",\"breadcrumb\":{\"@id\":\"https:\\\/\\\/calumetmedia.ca\\\/fr\\\/a-propos-de-calumet-media\\\/#breadcrumb\"},\"inLanguage\":\"fr-FR\",\"potentialAction\":[{\"@type\":\"ReadAction\",\"target\":[\"https:\\\/\\\/calumetmedia.ca\\\/fr\\\/a-propos-de-calumet-media\\\/\"]}]},{\"@type\":\"ImageObject\",\"inLanguage\":\"fr-FR\",\"@id\":\"https:\\\/\\\/calumetmedia.ca\\\/fr\\\/a-propos-de-calumet-media\\\/#primaryimage\",\"url\":\"https:\\\/\\\/calumetmedia.ca\\\/wp-content\\\/uploads\\\/2022\\\/12\\\/large-forest-backgroud-darker.jpg\",\"contentUrl\":\"https:\\\/\\\/calumetmedia.ca\\\/wp-content\\\/uploads\\\/2022\\\/12\\\/large-forest-backgroud-darker.jpg\",\"width\":1900,\"height\":1267},{\"@type\":\"BreadcrumbList\",\"@id\":\"https:\\\/\\\/calumetmedia.ca\\\/fr\\\/a-propos-de-calumet-media\\\/#breadcrumb\",\"itemListElement\":[{\"@type\":\"ListItem\",\"position\":1,\"name\":\"Home\",\"item\":\"https:\\\/\\\/calumetmedia.ca\\\/fr\\\/\"},{\"@type\":\"ListItem\",\"position\":2,\"name\":\"\u00c0 propos de Calumet Media\"}]},{\"@type\":\"WebSite\",\"@id\":\"https:\\\/\\\/calumetmedia.ca\\\/fr\\\/#website\",\"url\":\"https:\\\/\\\/calumetmedia.ca\\\/fr\\\/\",\"name\":\"Calumet Media and Consulting\",\"description\":\"Solutions de marketing compl\u00e8tes pour les entreprises locales\",\"publisher\":{\"@id\":\"https:\\\/\\\/calumetmedia.ca\\\/fr\\\/#organization\"},\"alternateName\":\"Calumet Media\",\"potentialAction\":[{\"@type\":\"SearchAction\",\"target\":{\"@type\":\"EntryPoint\",\"urlTemplate\":\"https:\\\/\\\/calumetmedia.ca\\\/fr\\\/?s={search_term_string}\"},\"query-input\":{\"@type\":\"PropertyValueSpecification\",\"valueRequired\":true,\"valueName\":\"search_term_string\"}}],\"inLanguage\":\"fr-FR\"},{\"@type\":\"Organization\",\"@id\":\"https:\\\/\\\/calumetmedia.ca\\\/fr\\\/#organization\",\"name\":\"Calumet Media and Consulting\",\"alternateName\":\"Calumet Media\",\"url\":\"https:\\\/\\\/calumetmedia.ca\\\/fr\\\/\",\"logo\":{\"@type\":\"ImageObject\",\"inLanguage\":\"fr-FR\",\"@id\":\"https:\\\/\\\/calumetmedia.ca\\\/fr\\\/#\\\/schema\\\/logo\\\/image\\\/\",\"url\":\"https:\\\/\\\/qbse39.p3cdn1.secureserver.net\\\/wp-content\\\/uploads\\\/2023\\\/01\\\/chat-icon-calumet-long.png?time=1677097172\",\"contentUrl\":\"https:\\\/\\\/qbse39.p3cdn1.secureserver.net\\\/wp-content\\\/uploads\\\/2023\\\/01\\\/chat-icon-calumet-long.png?time=1677097172\",\"width\":648,\"height\":468,\"caption\":\"Calumet Media and Consulting\"},\"image\":{\"@id\":\"https:\\\/\\\/calumetmedia.ca\\\/fr\\\/#\\\/schema\\\/logo\\\/image\\\/\"},\"sameAs\":[\"https:\\\/\\\/www.facebook.com\\\/calumetmedia\",\"https:\\\/\\\/x.com\\\/calumetmedia\",\"https:\\\/\\\/www.linkedin.com\\\/company\\\/calumet-media-consulting\\\/\",\"http:\\\/\\\/www.instagram.com\\\/jonstewartshow\"]}]}<\/script>\n<!-- \/ Yoast SEO plugin. -->","yoast_head_json":{"title":"\u00c0 Propos de Nous - Calumet Media","robots":{"index":"index","follow":"follow","max-snippet":"max-snippet:-1","max-image-preview":"max-image-preview:large","max-video-preview":"max-video-preview:-1"},"canonical":"https:\/\/calumetmedia.ca\/fr\/a-propos-de-calumet-media\/","og_locale":"fr_FR","og_type":"article","og_title":"\u00c0 Propos de Nous - Calumet Media","og_description":"De la conception et de l&rsquo;h\u00e9bergement de sites Web \u00e0 l&rsquo;int\u00e9gration technologique, Calumet Media &amp; Consulting aide les petites entreprises \u00e0 trouver des solutions technologiques aux d\u00e9fis commerciaux d&rsquo;aujourd&rsquo;hui.\u00a0 Nous nous inspirons de l&rsquo;\u00eele de Calumet, la deuxi\u00e8me plus grande \u00eele de la rivi\u00e8re des Outaouais, connue sous le nom de L&rsquo;ile-du-Grand-Calumet. Cette \u00eele a [&hellip;]","og_url":"https:\/\/calumetmedia.ca\/fr\/a-propos-de-calumet-media\/","og_site_name":"Calumet Media","article_publisher":"https:\/\/www.facebook.com\/calumetmedia","article_modified_time":"2024-01-04T23:53:08+00:00","og_image":[{"width":1900,"height":1267,"url":"https:\/\/calumetmedia.ca\/wp-content\/uploads\/2022\/12\/large-forest-backgroud-darker.jpg","type":"image\/jpeg"}],"twitter_card":"summary_large_image","twitter_site":"@calumetmedia","twitter_misc":{"Dur\u00e9e de lecture estim\u00e9e":"2 minutes"},"schema":{"@context":"https:\/\/schema.org","@graph":[{"@type":"WebPage","@id":"https:\/\/calumetmedia.ca\/fr\/a-propos-de-calumet-media\/","url":"https:\/\/calumetmedia.ca\/fr\/a-propos-de-calumet-media\/","name":"\u00c0 Propos de Nous - Calumet Media","isPartOf":{"@id":"https:\/\/calumetmedia.ca\/fr\/#website"},"primaryImageOfPage":{"@id":"https:\/\/calumetmedia.ca\/fr\/a-propos-de-calumet-media\/#primaryimage"},"image":{"@id":"https:\/\/calumetmedia.ca\/fr\/a-propos-de-calumet-media\/#primaryimage"},"thumbnailUrl":"https:\/\/calumetmedia.ca\/wp-content\/uploads\/2022\/12\/large-forest-backgroud-darker.jpg","datePublished":"2022-12-28T20:36:14+00:00","dateModified":"2024-01-04T23:53:08+00:00","breadcrumb":{"@id":"https:\/\/calumetmedia.ca\/fr\/a-propos-de-calumet-media\/#breadcrumb"},"inLanguage":"fr-FR","potentialAction":[{"@type":"ReadAction","target":["https:\/\/calumetmedia.ca\/fr\/a-propos-de-calumet-media\/"]}]},{"@type":"ImageObject","inLanguage":"fr-FR","@id":"https:\/\/calumetmedia.ca\/fr\/a-propos-de-calumet-media\/#primaryimage","url":"https:\/\/calumetmedia.ca\/wp-content\/uploads\/2022\/12\/large-forest-backgroud-darker.jpg","contentUrl":"https:\/\/calumetmedia.ca\/wp-content\/uploads\/2022\/12\/large-forest-backgroud-darker.jpg","width":1900,"height":1267},{"@type":"BreadcrumbList","@id":"https:\/\/calumetmedia.ca\/fr\/a-propos-de-calumet-media\/#breadcrumb","itemListElement":[{"@type":"ListItem","position":1,"name":"Home","item":"https:\/\/calumetmedia.ca\/fr\/"},{"@type":"ListItem","position":2,"name":"\u00c0 propos de Calumet Media"}]},{"@type":"WebSite","@id":"https:\/\/calumetmedia.ca\/fr\/#website","url":"https:\/\/calumetmedia.ca\/fr\/","name":"Calumet Media and Consulting","description":"Solutions de marketing compl\u00e8tes pour les entreprises locales","publisher":{"@id":"https:\/\/calumetmedia.ca\/fr\/#organization"},"alternateName":"Calumet Media","potentialAction":[{"@type":"SearchAction","target":{"@type":"EntryPoint","urlTemplate":"https:\/\/calumetmedia.ca\/fr\/?s={search_term_string}"},"query-input":{"@type":"PropertyValueSpecification","valueRequired":true,"valueName":"search_term_string"}}],"inLanguage":"fr-FR"},{"@type":"Organization","@id":"https:\/\/calumetmedia.ca\/fr\/#organization","name":"Calumet Media and Consulting","alternateName":"Calumet Media","url":"https:\/\/calumetmedia.ca\/fr\/","logo":{"@type":"ImageObject","inLanguage":"fr-FR","@id":"https:\/\/calumetmedia.ca\/fr\/#\/schema\/logo\/image\/","url":"https:\/\/qbse39.p3cdn1.secureserver.net\/wp-content\/uploads\/2023\/01\/chat-icon-calumet-long.png?time=1677097172","contentUrl":"https:\/\/qbse39.p3cdn1.secureserver.net\/wp-content\/uploads\/2023\/01\/chat-icon-calumet-long.png?time=1677097172","width":648,"height":468,"caption":"Calumet Media and Consulting"},"image":{"@id":"https:\/\/calumetmedia.ca\/fr\/#\/schema\/logo\/image\/"},"sameAs":["https:\/\/www.facebook.com\/calumetmedia","https:\/\/x.com\/calumetmedia","https:\/\/www.linkedin.com\/company\/calumet-media-consulting\/","http:\/\/www.instagram.com\/jonstewartshow"]}]}},"_links":{"self":[{"href":"https:\/\/calumetmedia.ca\/fr\/wp-json\/wp\/v2\/pages\/2600","targetHints":{"allow":["GET"]}}],"collection":[{"href":"https:\/\/calumetmedia.ca\/fr\/wp-json\/wp\/v2\/pages"}],"about":[{"href":"https:\/\/calumetmedia.ca\/fr\/wp-json\/wp\/v2\/types\/page"}],"author":[{"embeddable":true,"href":"https:\/\/calumetmedia.ca\/fr\/wp-json\/wp\/v2\/users\/1"}],"replies":[{"embeddable":true,"href":"https:\/\/calumetmedia.ca\/fr\/wp-json\/wp\/v2\/comments?post=2600"}],"version-history":[{"count":3,"href":"https:\/\/calumetmedia.ca\/fr\/wp-json\/wp\/v2\/pages\/2600\/revisions"}],"predecessor-version":[{"id":4182,"href":"https:\/\/calumetmedia.ca\/fr\/wp-json\/wp\/v2\/pages\/2600\/revisions\/4182"}],"wp:featuredmedia":[{"embeddable":true,"href":"https:\/\/calumetmedia.ca\/fr\/wp-json\/wp\/v2\/media\/2223"}],"wp:attachment":[{"href":"https:\/\/calumetmedia.ca\/fr\/wp-json\/wp\/v2\/media?parent=2600"}],"curies":[{"name":"wp","href":"https:\/\/api.w.org\/{rel}","templated":true}]}}