{"id":2604,"date":"2022-12-07T10:13:10","date_gmt":"2022-12-07T15:13:10","guid":{"rendered":"https:\/\/calumetmedia.ottawavalleymedia.ca\/services-pour-les-petites-entreprises\/"},"modified":"2025-05-28T18:39:28","modified_gmt":"2025-05-28T22:39:28","slug":"services-pour-les-petites-entreprises","status":"publish","type":"page","link":"https:\/\/calumetmedia.ca\/fr\/services-pour-les-petites-entreprises\/","title":{"rendered":"Adoption et int\u00e9gration du num\u00e9rique"},"content":{"rendered":"\t\t<div data-elementor-type=\"wp-page\" data-elementor-id=\"2604\" class=\"elementor elementor-2604 elementor-1154\" data-elementor-post-type=\"page\">\n\t\t\t\t<div class=\"elementor-element elementor-element-0a1afdf e-flex e-con-boxed e-con e-parent\" data-id=\"0a1afdf\" data-element_type=\"container\" data-e-type=\"container\">\n\t\t\t\t\t<div class=\"e-con-inner\">\n\t\t<div class=\"elementor-element elementor-element-d8edac9 e-flex e-con-boxed e-con e-child\" data-id=\"d8edac9\" data-element_type=\"container\" data-e-type=\"container\">\n\t\t\t\t\t<div class=\"e-con-inner\">\n\t\t<div class=\"elementor-element elementor-element-54e5870 e-con-full e-flex e-con e-child\" data-id=\"54e5870\" data-element_type=\"container\" data-e-type=\"container\">\n\t\t\t\t<div class=\"elementor-element elementor-element-d5dc4eb elementor-widget elementor-widget-text-editor\" data-id=\"d5dc4eb\" data-element_type=\"widget\" data-e-type=\"widget\" data-widget_type=\"text-editor.default\">\n\t\t\t\t<div class=\"elementor-widget-container\">\n\t\t\t\t\t\t\t\t\t<p>Nos services d&rsquo;adoption et d&rsquo;int\u00e9gration num\u00e9rique sont con\u00e7us pour transformer et moderniser les op\u00e9rations de votre entreprise. En tirant parti des derni\u00e8res technologies num\u00e9riques, nous visons \u00e0 am\u00e9liorer votre efficacit\u00e9 op\u00e9rationnelle, \u00e0 s\u00e9curiser vos donn\u00e9es et \u00e0 garantir la conformit\u00e9 avec les derni\u00e8res r\u00e9glementations. Notre objectif est de permettre \u00e0 votre entreprise d&rsquo;exceller dans le paysage num\u00e9rique, en optimisant chaque aspect de vos op\u00e9rations pour une efficacit\u00e9 maximale.<\/p>\t\t\t\t\t\t\t\t<\/div>\n\t\t\t\t<\/div>\n\t\t\t\t<\/div>\n\t\t<div class=\"elementor-element elementor-element-2d1d195 e-con-full e-flex e-con e-child\" data-id=\"2d1d195\" data-element_type=\"container\" data-e-type=\"container\">\n\t\t\t\t<div class=\"elementor-element elementor-element-13dfdbd elementor-widget elementor-widget-heading\" data-id=\"13dfdbd\" data-element_type=\"widget\" data-e-type=\"widget\" data-widget_type=\"heading.default\">\n\t\t\t\t<div class=\"elementor-widget-container\">\n\t\t\t\t\t<h4 class=\"elementor-heading-title elementor-size-default\">Minimiser le travail manuel<\/h4>\t\t\t\t<\/div>\n\t\t\t\t<\/div>\n\t\t\t\t<div class=\"elementor-element elementor-element-07d37c7 elementor-widget elementor-widget-text-editor\" data-id=\"07d37c7\" data-element_type=\"widget\" data-e-type=\"widget\" data-widget_type=\"text-editor.default\">\n\t\t\t\t<div class=\"elementor-widget-container\">\n\t\t\t\t\t\t\t\t\t<p>En utilisant nos solutions num\u00e9riques, vous pouvez r\u00e9duire consid\u00e9rablement les t\u00e2ches manuelles dans vos op\u00e9rations commerciales. Nous automatisons les processus r\u00e9p\u00e9titifs, ce qui permet \u00e0 votre \u00e9quipe de se concentrer sur les t\u00e2ches strat\u00e9giques et cr\u00e9atives. Cette \u00e9volution permet non seulement d&rsquo;accro\u00eetre la productivit\u00e9, mais aussi d&rsquo;am\u00e9liorer la satisfaction au travail et l&rsquo;efficacit\u00e9 op\u00e9rationnelle globale.<\/p>\t\t\t\t\t\t\t\t<\/div>\n\t\t\t\t<\/div>\n\t\t\t\t<\/div>\n\t\t<div class=\"elementor-element elementor-element-92853b0 e-con-full e-flex e-con e-child\" data-id=\"92853b0\" data-element_type=\"container\" data-e-type=\"container\">\n\t\t\t\t<div class=\"elementor-element elementor-element-5487618 elementor-widget elementor-widget-heading\" data-id=\"5487618\" data-element_type=\"widget\" data-e-type=\"widget\" data-widget_type=\"heading.default\">\n\t\t\t\t<div class=\"elementor-widget-container\">\n\t\t\t\t\t<h4 class=\"elementor-heading-title elementor-size-default\">R\u00e9duire les pertes de donn\u00e9es<\/h4>\t\t\t\t<\/div>\n\t\t\t\t<\/div>\n\t\t\t\t<div class=\"elementor-element elementor-element-2c2f09d elementor-widget elementor-widget-text-editor\" data-id=\"2c2f09d\" data-element_type=\"widget\" data-e-type=\"widget\" data-widget_type=\"text-editor.default\">\n\t\t\t\t<div class=\"elementor-widget-container\">\n\t\t\t\t\t\t\t\t\t<p>La protection de votre entreprise contre la perte de donn\u00e9es est un aspect essentiel de nos strat\u00e9gies d&rsquo;int\u00e9gration num\u00e9rique. Nous mettons en \u0153uvre des syst\u00e8mes robustes de sauvegarde des donn\u00e9es et de reprise apr\u00e8s sinistre pour prot\u00e9ger vos informations et garantir l&rsquo;int\u00e9grit\u00e9 et la continuit\u00e9 de vos op\u00e9rations commerciales \u00e0 tout moment.<\/p>\t\t\t\t\t\t\t\t<\/div>\n\t\t\t\t<\/div>\n\t\t\t\t<\/div>\n\t\t<div class=\"elementor-element elementor-element-e45f6b3 e-con-full e-flex e-con e-child\" data-id=\"e45f6b3\" data-element_type=\"container\" data-e-type=\"container\">\n\t\t\t\t<div class=\"elementor-element elementor-element-26581fd elementor-widget elementor-widget-heading\" data-id=\"26581fd\" data-element_type=\"widget\" data-e-type=\"widget\" data-widget_type=\"heading.default\">\n\t\t\t\t<div class=\"elementor-widget-container\">\n\t\t\t\t\t<h4 class=\"elementor-heading-title elementor-size-default\">Respect de la vie priv\u00e9e<\/h4>\t\t\t\t<\/div>\n\t\t\t\t<\/div>\n\t\t\t\t<div class=\"elementor-element elementor-element-3ca70bf elementor-widget elementor-widget-text-editor\" data-id=\"3ca70bf\" data-element_type=\"widget\" data-e-type=\"widget\" data-widget_type=\"text-editor.default\">\n\t\t\t\t<div class=\"elementor-widget-container\">\n\t\t\t\t\t\t\t\t\t<p>En r\u00e9ponse au projet de loi 25 du Qu\u00e9bec, nous veillons \u00e0 ce que l&rsquo;adoption num\u00e9rique de votre organisation soit pleinement conforme aux r\u00e9glementations actuelles en mati\u00e8re de protection de la vie priv\u00e9e. Nos strat\u00e9gies sont soigneusement con\u00e7ues pour r\u00e9pondre \u00e0 ces normes r\u00e9glementaires, ce qui vous donne confiance et s\u00e9curit\u00e9 dans vos op\u00e9rations num\u00e9riques tout en prot\u00e9geant votre entreprise contre d&rsquo;\u00e9ventuelles poursuites judiciaires.<\/p>\t\t\t\t\t\t\t\t<\/div>\n\t\t\t\t<\/div>\n\t\t\t\t<\/div>\n\t\t\t\t\t<\/div>\n\t\t\t\t<\/div>\n\t\t\t\t\t<\/div>\n\t\t\t\t<\/div>\n\t\t<div class=\"elementor-element elementor-element-b5913b6 elementor-hidden-desktop elementor-hidden-tablet elementor-hidden-mobile e-flex e-con-boxed e-con e-child\" data-id=\"b5913b6\" data-element_type=\"container\" data-e-type=\"container\">\n\t\t\t\t\t<div class=\"e-con-inner\">\n\t\t<div class=\"elementor-element elementor-element-587cf61 e-con-full e-flex e-con e-child\" data-id=\"587cf61\" data-element_type=\"container\" data-e-type=\"container\">\n\t\t\t\t<div class=\"elementor-element elementor-element-89dceec elementor-widget elementor-widget-heading\" data-id=\"89dceec\" data-element_type=\"widget\" data-e-type=\"widget\" data-widget_type=\"heading.default\">\n\t\t\t\t<div class=\"elementor-widget-container\">\n\t\t\t\t\t<h2 class=\"elementor-heading-title elementor-size-default\">Subventions aux petites entreprises pour l'adoption du num\u00e9rique<\/h2>\t\t\t\t<\/div>\n\t\t\t\t<\/div>\n\t\t<div class=\"elementor-element elementor-element-e817487 e-flex e-con-boxed e-con e-child\" data-id=\"e817487\" data-element_type=\"container\" data-e-type=\"container\">\n\t\t\t\t\t<div class=\"e-con-inner\">\n\t\t<div class=\"elementor-element elementor-element-c8cccb5 e-con-full e-flex e-con e-child\" data-id=\"c8cccb5\" data-element_type=\"container\" data-e-type=\"container\">\n\t\t\t\t<div class=\"elementor-element elementor-element-4a1c30d elementor-widget elementor-widget-text-editor\" data-id=\"4a1c30d\" data-element_type=\"widget\" data-e-type=\"widget\" data-widget_type=\"text-editor.default\">\n\t\t\t\t<div class=\"elementor-widget-container\">\n\t\t\t\t\t\t\t\t\t<p>La subvention<strong> \u00ab\u00a0Am\u00e9liorez les technologies de votre entreprise\u00a0\u00bb<\/strong> du<strong> Programme canadien d&rsquo;adoption du num\u00e9rique (PCAN)<\/strong> offre aux petites et moyennes entreprises (PME) canadiennes une occasion unique de progresser sur le plan technologique. Elle fournit un soutien financier et des conseils d&rsquo;experts pour la transformation num\u00e9rique, dans le but d&rsquo;am\u00e9liorer l&rsquo;efficacit\u00e9 op\u00e9rationnelle et la port\u00e9e du march\u00e9. Les PME b\u00e9n\u00e9ficient d&rsquo;une subvention pour \u00e9laborer un plan d&rsquo;adoption num\u00e9rique sur mesure et d&rsquo;un pr\u00eat \u00e0 taux z\u00e9ro pour la mise en \u0153uvre d&rsquo;outils num\u00e9riques.<\/p><p>En outre, une subvention salariale est disponible pour l&#8217;embauche de jeunes professionnels afin de mettre en \u0153uvre ces plans. Non seulement le CDAP dote les entreprises de capacit\u00e9s num\u00e9riques modernes, mais il s&rsquo;aligne \u00e9galement sur les efforts nationaux visant \u00e0 renforcer le paysage num\u00e9rique du Canada.<\/p><p>Calumet Media est un conseiller reconnu dans le cadre du <a href=\"https:\/\/ised-isde.canada.ca\/site\/programme-canadien-adoption-numerique\/fr\/ameliorez-technologies-votre-entreprise\"><strong>Programme canadien d&rsquo;adoption du num\u00e9rique (PCAN)<\/strong><\/a> du gouvernement du Canada. Cliquez ci-dessous et d\u00e9couvrez comment vous pouvez utiliser ces subventions pour petites entreprises pour financer votre transformation num\u00e9rique !<\/p>\t\t\t\t\t\t\t\t<\/div>\n\t\t\t\t<\/div>\n\t\t\t\t<div class=\"elementor-element elementor-element-14b8bd2 elementor-widget elementor-widget-button\" data-id=\"14b8bd2\" data-element_type=\"widget\" data-e-type=\"widget\" data-widget_type=\"button.default\">\n\t\t\t\t<div class=\"elementor-widget-container\">\n\t\t\t\t\t\t\t\t\t<div class=\"elementor-button-wrapper\">\n\t\t\t\t\t<a class=\"elementor-button elementor-button-link elementor-size-xl\" href=\"https:\/\/calumetmedia.ca\/pcan\/\">\n\t\t\t\t\t\t<span class=\"elementor-button-content-wrapper\">\n\t\t\t\t\t\t\t\t\t<span class=\"elementor-button-text\">Programme canadien d'adoption du num\u00e9rique<\/span>\n\t\t\t\t\t<\/span>\n\t\t\t\t\t<\/a>\n\t\t\t\t<\/div>\n\t\t\t\t\t\t\t\t<\/div>\n\t\t\t\t<\/div>\n\t\t\t\t<\/div>\n\t\t<div class=\"elementor-element elementor-element-2230faf e-con-full e-flex e-con e-child\" data-id=\"2230faf\" data-element_type=\"container\" data-e-type=\"container\">\n\t\t\t\t<div class=\"elementor-element elementor-element-3dafba1 elementor-widget elementor-widget-image\" data-id=\"3dafba1\" data-element_type=\"widget\" data-e-type=\"widget\" data-widget_type=\"image.default\">\n\t\t\t\t<div class=\"elementor-widget-container\">\n\t\t\t\t\t\t\t\t\t\t\t\t\t\t\t\t<a href=\"https:\/\/calumetmedia.ca\/pcan\/\">\n\t\t\t\t\t\t\t<img fetchpriority=\"high\" decoding=\"async\" width=\"300\" height=\"300\" src=\"https:\/\/calumetmedia.ca\/wp-content\/uploads\/2024\/01\/vog-cdap-logo-yellow-1-300x300.webp\" class=\"attachment-medium size-medium wp-image-4124\" alt=\"\" srcset=\"https:\/\/calumetmedia.ca\/wp-content\/uploads\/2024\/01\/vog-cdap-logo-yellow-1-300x300.webp 300w, https:\/\/calumetmedia.ca\/wp-content\/uploads\/2024\/01\/vog-cdap-logo-yellow-1-150x150.webp 150w, https:\/\/calumetmedia.ca\/wp-content\/uploads\/2024\/01\/vog-cdap-logo-yellow-1.webp 600w\" sizes=\"(max-width: 300px) 100vw, 300px\" \/>\t\t\t\t\t\t\t\t<\/a>\n\t\t\t\t\t\t\t\t\t\t\t\t\t\t\t<\/div>\n\t\t\t\t<\/div>\n\t\t\t\t<\/div>\n\t\t\t\t\t<\/div>\n\t\t\t\t<\/div>\n\t\t\t\t<\/div>\n\t\t\t\t\t<\/div>\n\t\t\t\t<\/div>\n\t\t\t\t<\/div>\n\t\t","protected":false},"excerpt":{"rendered":"<p>Nos services d&rsquo;adoption et d&rsquo;int\u00e9gration num\u00e9rique sont con\u00e7us pour transformer et moderniser les op\u00e9rations de votre entreprise. En tirant parti des derni\u00e8res technologies num\u00e9riques, nous visons \u00e0 am\u00e9liorer votre efficacit\u00e9 op\u00e9rationnelle, \u00e0 s\u00e9curiser vos donn\u00e9es et \u00e0 garantir la conformit\u00e9 avec les derni\u00e8res r\u00e9glementations. Notre objectif est de permettre \u00e0 votre entreprise d&rsquo;exceller dans le [&hellip;]<\/p>\n","protected":false},"author":1,"featured_media":3846,"parent":0,"menu_order":0,"comment_status":"closed","ping_status":"closed","template":"elementor_theme","meta":{"footnotes":""},"class_list":["post-2604","page","type-page","status-publish","has-post-thumbnail","hentry"],"yoast_head":"<!-- This site is optimized with the Yoast SEO plugin v27.4 - https:\/\/yoast.com\/product\/yoast-seo-wordpress\/ -->\n<title>Adoption et int\u00e9gration du num\u00e9rique - Calumet Media<\/title>\n<meta name=\"robots\" content=\"index, follow, max-snippet:-1, max-image-preview:large, max-video-preview:-1\" \/>\n<link rel=\"canonical\" href=\"https:\/\/calumetmedia.ca\/fr\/services-pour-les-petites-entreprises\/\" \/>\n<meta property=\"og:locale\" content=\"fr_FR\" \/>\n<meta property=\"og:type\" content=\"article\" \/>\n<meta property=\"og:title\" content=\"Adoption et int\u00e9gration du num\u00e9rique - Calumet Media\" \/>\n<meta property=\"og:description\" content=\"Nos services d&rsquo;adoption et d&rsquo;int\u00e9gration num\u00e9rique sont con\u00e7us pour transformer et moderniser les op\u00e9rations de votre entreprise. En tirant parti des derni\u00e8res technologies num\u00e9riques, nous visons \u00e0 am\u00e9liorer votre efficacit\u00e9 op\u00e9rationnelle, \u00e0 s\u00e9curiser vos donn\u00e9es et \u00e0 garantir la conformit\u00e9 avec les derni\u00e8res r\u00e9glementations. Notre objectif est de permettre \u00e0 votre entreprise d&rsquo;exceller dans le [&hellip;]\" \/>\n<meta property=\"og:url\" content=\"https:\/\/calumetmedia.ca\/fr\/services-pour-les-petites-entreprises\/\" \/>\n<meta property=\"og:site_name\" content=\"Calumet Media\" \/>\n<meta property=\"article:publisher\" content=\"https:\/\/www.facebook.com\/calumetmedia\" \/>\n<meta property=\"article:modified_time\" content=\"2025-05-28T22:39:28+00:00\" \/>\n<meta property=\"og:image\" content=\"https:\/\/calumetmedia.ca\/wp-content\/uploads\/2023\/12\/digital-adoption-technology-integration-1024x682.jpg\" \/>\n\t<meta property=\"og:image:width\" content=\"1024\" \/>\n\t<meta property=\"og:image:height\" content=\"682\" \/>\n\t<meta property=\"og:image:type\" content=\"image\/jpeg\" \/>\n<meta name=\"twitter:card\" content=\"summary_large_image\" \/>\n<meta name=\"twitter:site\" content=\"@calumetmedia\" \/>\n<meta name=\"twitter:label1\" content=\"Dur\u00e9e de lecture estim\u00e9e\" \/>\n\t<meta name=\"twitter:data1\" content=\"3 minutes\" \/>\n<script type=\"application\/ld+json\" class=\"yoast-schema-graph\">{\"@context\":\"https:\\\/\\\/schema.org\",\"@graph\":[{\"@type\":\"WebPage\",\"@id\":\"https:\\\/\\\/calumetmedia.ca\\\/fr\\\/services-pour-les-petites-entreprises\\\/\",\"url\":\"https:\\\/\\\/calumetmedia.ca\\\/fr\\\/services-pour-les-petites-entreprises\\\/\",\"name\":\"Adoption et int\u00e9gration du num\u00e9rique - Calumet Media\",\"isPartOf\":{\"@id\":\"https:\\\/\\\/calumetmedia.ca\\\/fr\\\/#website\"},\"primaryImageOfPage\":{\"@id\":\"https:\\\/\\\/calumetmedia.ca\\\/fr\\\/services-pour-les-petites-entreprises\\\/#primaryimage\"},\"image\":{\"@id\":\"https:\\\/\\\/calumetmedia.ca\\\/fr\\\/services-pour-les-petites-entreprises\\\/#primaryimage\"},\"thumbnailUrl\":\"https:\\\/\\\/calumetmedia.ca\\\/wp-content\\\/uploads\\\/2023\\\/12\\\/digital-adoption-technology-integration.jpg\",\"datePublished\":\"2022-12-07T15:13:10+00:00\",\"dateModified\":\"2025-05-28T22:39:28+00:00\",\"breadcrumb\":{\"@id\":\"https:\\\/\\\/calumetmedia.ca\\\/fr\\\/services-pour-les-petites-entreprises\\\/#breadcrumb\"},\"inLanguage\":\"fr-FR\",\"potentialAction\":[{\"@type\":\"ReadAction\",\"target\":[\"https:\\\/\\\/calumetmedia.ca\\\/fr\\\/services-pour-les-petites-entreprises\\\/\"]}]},{\"@type\":\"ImageObject\",\"inLanguage\":\"fr-FR\",\"@id\":\"https:\\\/\\\/calumetmedia.ca\\\/fr\\\/services-pour-les-petites-entreprises\\\/#primaryimage\",\"url\":\"https:\\\/\\\/calumetmedia.ca\\\/wp-content\\\/uploads\\\/2023\\\/12\\\/digital-adoption-technology-integration.jpg\",\"contentUrl\":\"https:\\\/\\\/calumetmedia.ca\\\/wp-content\\\/uploads\\\/2023\\\/12\\\/digital-adoption-technology-integration.jpg\",\"width\":2000,\"height\":1333,\"caption\":\"workflow and teamwork concepts with colorful gears different gadgets and office stationery on the wooden table\"},{\"@type\":\"BreadcrumbList\",\"@id\":\"https:\\\/\\\/calumetmedia.ca\\\/fr\\\/services-pour-les-petites-entreprises\\\/#breadcrumb\",\"itemListElement\":[{\"@type\":\"ListItem\",\"position\":1,\"name\":\"Home\",\"item\":\"https:\\\/\\\/calumetmedia.ca\\\/fr\\\/\"},{\"@type\":\"ListItem\",\"position\":2,\"name\":\"Adoption et int\u00e9gration du num\u00e9rique\"}]},{\"@type\":\"WebSite\",\"@id\":\"https:\\\/\\\/calumetmedia.ca\\\/fr\\\/#website\",\"url\":\"https:\\\/\\\/calumetmedia.ca\\\/fr\\\/\",\"name\":\"Calumet Media and Consulting\",\"description\":\"Solutions de marketing compl\u00e8tes pour les entreprises locales\",\"publisher\":{\"@id\":\"https:\\\/\\\/calumetmedia.ca\\\/fr\\\/#organization\"},\"alternateName\":\"Calumet Media\",\"potentialAction\":[{\"@type\":\"SearchAction\",\"target\":{\"@type\":\"EntryPoint\",\"urlTemplate\":\"https:\\\/\\\/calumetmedia.ca\\\/fr\\\/?s={search_term_string}\"},\"query-input\":{\"@type\":\"PropertyValueSpecification\",\"valueRequired\":true,\"valueName\":\"search_term_string\"}}],\"inLanguage\":\"fr-FR\"},{\"@type\":\"Organization\",\"@id\":\"https:\\\/\\\/calumetmedia.ca\\\/fr\\\/#organization\",\"name\":\"Calumet Media and Consulting\",\"alternateName\":\"Calumet Media\",\"url\":\"https:\\\/\\\/calumetmedia.ca\\\/fr\\\/\",\"logo\":{\"@type\":\"ImageObject\",\"inLanguage\":\"fr-FR\",\"@id\":\"https:\\\/\\\/calumetmedia.ca\\\/fr\\\/#\\\/schema\\\/logo\\\/image\\\/\",\"url\":\"https:\\\/\\\/qbse39.p3cdn1.secureserver.net\\\/wp-content\\\/uploads\\\/2023\\\/01\\\/chat-icon-calumet-long.png?time=1677097172\",\"contentUrl\":\"https:\\\/\\\/qbse39.p3cdn1.secureserver.net\\\/wp-content\\\/uploads\\\/2023\\\/01\\\/chat-icon-calumet-long.png?time=1677097172\",\"width\":648,\"height\":468,\"caption\":\"Calumet Media and Consulting\"},\"image\":{\"@id\":\"https:\\\/\\\/calumetmedia.ca\\\/fr\\\/#\\\/schema\\\/logo\\\/image\\\/\"},\"sameAs\":[\"https:\\\/\\\/www.facebook.com\\\/calumetmedia\",\"https:\\\/\\\/x.com\\\/calumetmedia\",\"https:\\\/\\\/www.linkedin.com\\\/company\\\/calumet-media-consulting\\\/\",\"http:\\\/\\\/www.instagram.com\\\/jonstewartshow\"]}]}<\/script>\n<!-- \/ Yoast SEO plugin. -->","yoast_head_json":{"title":"Adoption et int\u00e9gration du num\u00e9rique - Calumet Media","robots":{"index":"index","follow":"follow","max-snippet":"max-snippet:-1","max-image-preview":"max-image-preview:large","max-video-preview":"max-video-preview:-1"},"canonical":"https:\/\/calumetmedia.ca\/fr\/services-pour-les-petites-entreprises\/","og_locale":"fr_FR","og_type":"article","og_title":"Adoption et int\u00e9gration du num\u00e9rique - Calumet Media","og_description":"Nos services d&rsquo;adoption et d&rsquo;int\u00e9gration num\u00e9rique sont con\u00e7us pour transformer et moderniser les op\u00e9rations de votre entreprise. En tirant parti des derni\u00e8res technologies num\u00e9riques, nous visons \u00e0 am\u00e9liorer votre efficacit\u00e9 op\u00e9rationnelle, \u00e0 s\u00e9curiser vos donn\u00e9es et \u00e0 garantir la conformit\u00e9 avec les derni\u00e8res r\u00e9glementations. Notre objectif est de permettre \u00e0 votre entreprise d&rsquo;exceller dans le [&hellip;]","og_url":"https:\/\/calumetmedia.ca\/fr\/services-pour-les-petites-entreprises\/","og_site_name":"Calumet Media","article_publisher":"https:\/\/www.facebook.com\/calumetmedia","article_modified_time":"2025-05-28T22:39:28+00:00","og_image":[{"width":1024,"height":682,"url":"https:\/\/calumetmedia.ca\/wp-content\/uploads\/2023\/12\/digital-adoption-technology-integration-1024x682.jpg","type":"image\/jpeg"}],"twitter_card":"summary_large_image","twitter_site":"@calumetmedia","twitter_misc":{"Dur\u00e9e de lecture estim\u00e9e":"3 minutes"},"schema":{"@context":"https:\/\/schema.org","@graph":[{"@type":"WebPage","@id":"https:\/\/calumetmedia.ca\/fr\/services-pour-les-petites-entreprises\/","url":"https:\/\/calumetmedia.ca\/fr\/services-pour-les-petites-entreprises\/","name":"Adoption et int\u00e9gration du num\u00e9rique - Calumet Media","isPartOf":{"@id":"https:\/\/calumetmedia.ca\/fr\/#website"},"primaryImageOfPage":{"@id":"https:\/\/calumetmedia.ca\/fr\/services-pour-les-petites-entreprises\/#primaryimage"},"image":{"@id":"https:\/\/calumetmedia.ca\/fr\/services-pour-les-petites-entreprises\/#primaryimage"},"thumbnailUrl":"https:\/\/calumetmedia.ca\/wp-content\/uploads\/2023\/12\/digital-adoption-technology-integration.jpg","datePublished":"2022-12-07T15:13:10+00:00","dateModified":"2025-05-28T22:39:28+00:00","breadcrumb":{"@id":"https:\/\/calumetmedia.ca\/fr\/services-pour-les-petites-entreprises\/#breadcrumb"},"inLanguage":"fr-FR","potentialAction":[{"@type":"ReadAction","target":["https:\/\/calumetmedia.ca\/fr\/services-pour-les-petites-entreprises\/"]}]},{"@type":"ImageObject","inLanguage":"fr-FR","@id":"https:\/\/calumetmedia.ca\/fr\/services-pour-les-petites-entreprises\/#primaryimage","url":"https:\/\/calumetmedia.ca\/wp-content\/uploads\/2023\/12\/digital-adoption-technology-integration.jpg","contentUrl":"https:\/\/calumetmedia.ca\/wp-content\/uploads\/2023\/12\/digital-adoption-technology-integration.jpg","width":2000,"height":1333,"caption":"workflow and teamwork concepts with colorful gears different gadgets and office stationery on the wooden table"},{"@type":"BreadcrumbList","@id":"https:\/\/calumetmedia.ca\/fr\/services-pour-les-petites-entreprises\/#breadcrumb","itemListElement":[{"@type":"ListItem","position":1,"name":"Home","item":"https:\/\/calumetmedia.ca\/fr\/"},{"@type":"ListItem","position":2,"name":"Adoption et int\u00e9gration du num\u00e9rique"}]},{"@type":"WebSite","@id":"https:\/\/calumetmedia.ca\/fr\/#website","url":"https:\/\/calumetmedia.ca\/fr\/","name":"Calumet Media and Consulting","description":"Solutions de marketing compl\u00e8tes pour les entreprises locales","publisher":{"@id":"https:\/\/calumetmedia.ca\/fr\/#organization"},"alternateName":"Calumet Media","potentialAction":[{"@type":"SearchAction","target":{"@type":"EntryPoint","urlTemplate":"https:\/\/calumetmedia.ca\/fr\/?s={search_term_string}"},"query-input":{"@type":"PropertyValueSpecification","valueRequired":true,"valueName":"search_term_string"}}],"inLanguage":"fr-FR"},{"@type":"Organization","@id":"https:\/\/calumetmedia.ca\/fr\/#organization","name":"Calumet Media and Consulting","alternateName":"Calumet Media","url":"https:\/\/calumetmedia.ca\/fr\/","logo":{"@type":"ImageObject","inLanguage":"fr-FR","@id":"https:\/\/calumetmedia.ca\/fr\/#\/schema\/logo\/image\/","url":"https:\/\/qbse39.p3cdn1.secureserver.net\/wp-content\/uploads\/2023\/01\/chat-icon-calumet-long.png?time=1677097172","contentUrl":"https:\/\/qbse39.p3cdn1.secureserver.net\/wp-content\/uploads\/2023\/01\/chat-icon-calumet-long.png?time=1677097172","width":648,"height":468,"caption":"Calumet Media and Consulting"},"image":{"@id":"https:\/\/calumetmedia.ca\/fr\/#\/schema\/logo\/image\/"},"sameAs":["https:\/\/www.facebook.com\/calumetmedia","https:\/\/x.com\/calumetmedia","https:\/\/www.linkedin.com\/company\/calumet-media-consulting\/","http:\/\/www.instagram.com\/jonstewartshow"]}]}},"_links":{"self":[{"href":"https:\/\/calumetmedia.ca\/fr\/wp-json\/wp\/v2\/pages\/2604","targetHints":{"allow":["GET"]}}],"collection":[{"href":"https:\/\/calumetmedia.ca\/fr\/wp-json\/wp\/v2\/pages"}],"about":[{"href":"https:\/\/calumetmedia.ca\/fr\/wp-json\/wp\/v2\/types\/page"}],"author":[{"embeddable":true,"href":"https:\/\/calumetmedia.ca\/fr\/wp-json\/wp\/v2\/users\/1"}],"replies":[{"embeddable":true,"href":"https:\/\/calumetmedia.ca\/fr\/wp-json\/wp\/v2\/comments?post=2604"}],"version-history":[{"count":5,"href":"https:\/\/calumetmedia.ca\/fr\/wp-json\/wp\/v2\/pages\/2604\/revisions"}],"predecessor-version":[{"id":4494,"href":"https:\/\/calumetmedia.ca\/fr\/wp-json\/wp\/v2\/pages\/2604\/revisions\/4494"}],"wp:featuredmedia":[{"embeddable":true,"href":"https:\/\/calumetmedia.ca\/fr\/wp-json\/wp\/v2\/media\/3846"}],"wp:attachment":[{"href":"https:\/\/calumetmedia.ca\/fr\/wp-json\/wp\/v2\/media?parent=2604"}],"curies":[{"name":"wp","href":"https:\/\/api.w.org\/{rel}","templated":true}]}}