{"id":2608,"date":"2022-12-07T10:05:04","date_gmt":"2022-12-07T15:05:04","guid":{"rendered":"https:\/\/calumetmedia.ottawavalleymedia.ca\/services-medias\/"},"modified":"2024-01-03T08:17:32","modified_gmt":"2024-01-03T13:17:32","slug":"services-medias","status":"publish","type":"page","link":"https:\/\/calumetmedia.ca\/fr\/services-medias\/","title":{"rendered":"Services M\u00e9dias"},"content":{"rendered":"\t\t<div data-elementor-type=\"wp-page\" data-elementor-id=\"2608\" class=\"elementor elementor-2608 elementor-1149\" data-elementor-post-type=\"page\">\n\t\t\t\t<div class=\"elementor-element elementor-element-37df2adb e-flex e-con-boxed e-con e-parent\" data-id=\"37df2adb\" data-element_type=\"container\" data-e-type=\"container\">\n\t\t\t\t\t<div class=\"e-con-inner\">\n\t\t<div class=\"elementor-element elementor-element-47bf8959 e-flex e-con-boxed e-con e-child\" data-id=\"47bf8959\" data-element_type=\"container\" data-e-type=\"container\">\n\t\t\t\t\t<div class=\"e-con-inner\">\n\t\t<div class=\"elementor-element elementor-element-3a303bff e-con-full e-flex e-con e-child\" data-id=\"3a303bff\" data-element_type=\"container\" data-e-type=\"container\">\n\t\t\t\t<div class=\"elementor-element elementor-element-1c68729c elementor-widget elementor-widget-text-editor\" data-id=\"1c68729c\" data-element_type=\"widget\" data-e-type=\"widget\" data-widget_type=\"text-editor.default\">\n\t\t\t\t<div class=\"elementor-widget-container\">\n\t\t\t\t\t\t\t\t\t<p>Avec plus de 20 ans d&rsquo;exp\u00e9rience dans les m\u00e9dias Canadiens, notamment \u00e0 la radio et dans la presse \u00e9crite, nous apportons une perspective exp\u00e9riment\u00e9e au monde en \u00e9volution du marketing num\u00e9rique. Notre parcours a \u00e9t\u00e9 marqu\u00e9 par une adh\u00e9sion constante au changement, ce qui nous permet de guider efficacement les entreprises de m\u00e9dias dans leur transformation num\u00e9rique.<\/p>\n<p>Nous sommes conscients que le secteur des m\u00e9dias \u00e9volue rapidement et qu&rsquo;il pr\u00e9sente \u00e0 la fois des d\u00e9fis et des opportunit\u00e9s. Notre mission est de combler le foss\u00e9 entre les pratiques traditionnelles des m\u00e9dias et le monde num\u00e9rique en fournissant des services personnalis\u00e9s qui r\u00e9pondent aux besoins uniques des entreprises de m\u00e9dias. <\/p>\n\t\t\t\t\t\t\t\t<\/div>\n\t\t\t\t<\/div>\n\t\t\t\t<\/div>\n\t\t<div class=\"elementor-element elementor-element-70de32c3 e-con-full e-flex e-con e-child\" data-id=\"70de32c3\" data-element_type=\"container\" data-e-type=\"container\">\n\t\t\t\t<div class=\"elementor-element elementor-element-36ba14cf elementor-widget elementor-widget-heading\" data-id=\"36ba14cf\" data-element_type=\"widget\" data-e-type=\"widget\" data-widget_type=\"heading.default\">\n\t\t\t\t<div class=\"elementor-widget-container\">\n\t\t\t\t\t<h4 class=\"elementor-heading-title elementor-size-default\">Formation \u00e0 la Vente<\/h4>\t\t\t\t<\/div>\n\t\t\t\t<\/div>\n\t\t\t\t<div class=\"elementor-element elementor-element-56baa58e elementor-widget elementor-widget-text-editor\" data-id=\"56baa58e\" data-element_type=\"widget\" data-e-type=\"widget\" data-widget_type=\"text-editor.default\">\n\t\t\t\t<div class=\"elementor-widget-container\">\n\t\t\t\t\t\t\t\t\t<p>\u00c0 l&rsquo;\u00e8re du num\u00e9rique, les strat\u00e9gies de vente des entreprises de m\u00e9dias doivent \u00eatre constamment mises \u00e0 jour. Notre programme de formation \u00e0 la vente est con\u00e7u pour doter votre \u00e9quipe de vente des outils et techniques les plus r\u00e9cents pour r\u00e9ussir. Nous mettons l&rsquo;accent sur une formation pratique et concr\u00e8te qui r\u00e9pond aux besoins dynamiques de la vente de m\u00e9dias. De la compr\u00e9hension de la mani\u00e8re dont les clients ach\u00e8tent des projets \u00e0 la ma\u00eetrise des plateformes num\u00e9riques, nous proposons une formation compl\u00e8te qui transforme votre \u00e9quipe en experts de la vente num\u00e9rique.<\/p>\n\t\t\t\t\t\t\t\t<\/div>\n\t\t\t\t<\/div>\n\t\t\t\t<\/div>\n\t\t<div class=\"elementor-element elementor-element-660ade98 e-con-full e-flex e-con e-child\" data-id=\"660ade98\" data-element_type=\"container\" data-e-type=\"container\">\n\t\t\t\t<div class=\"elementor-element elementor-element-36916710 elementor-widget elementor-widget-heading\" data-id=\"36916710\" data-element_type=\"widget\" data-e-type=\"widget\" data-widget_type=\"heading.default\">\n\t\t\t\t<div class=\"elementor-widget-container\">\n\t\t\t\t\t<h4 class=\"elementor-heading-title elementor-size-default\">G\u00e9n\u00e9ration de Prospects<\/h4>\t\t\t\t<\/div>\n\t\t\t\t<\/div>\n\t\t\t\t<div class=\"elementor-element elementor-element-23beb9fa elementor-widget elementor-widget-text-editor\" data-id=\"23beb9fa\" data-element_type=\"widget\" data-e-type=\"widget\" data-widget_type=\"text-editor.default\">\n\t\t\t\t<div class=\"elementor-widget-container\">\n\t\t\t\t\t\t\t\t\t<p>Le monde num\u00e9rique offre une multitude d&rsquo;opportunit\u00e9s pour la g\u00e9n\u00e9ration de prospects cibl\u00e9s. Nos services de g\u00e9n\u00e9ration de leads sont con\u00e7us pour les entreprises de m\u00e9dias qui cherchent \u00e0 \u00e9tendre leur port\u00e9e et \u00e0 entrer en contact avec le bon public. Gr\u00e2ce \u00e0 des strat\u00e9gies de marketing num\u00e9rique avanc\u00e9es, nous vous aidons \u00e0 identifier et \u00e0 engager les prospects les plus susceptibles de b\u00e9n\u00e9ficier de vos services. De l&rsquo;optimisation du r\u00e9f\u00e9rencement aux campagnes de m\u00e9dias sociaux, notre approche est con\u00e7ue pour accro\u00eetre votre visibilit\u00e9 et susciter un engagement significatif.<\/p>\n\t\t\t\t\t\t\t\t<\/div>\n\t\t\t\t<\/div>\n\t\t\t\t<\/div>\n\t\t<div class=\"elementor-element elementor-element-5b1a8f7a e-con-full e-flex e-con e-child\" data-id=\"5b1a8f7a\" data-element_type=\"container\" data-e-type=\"container\">\n\t\t\t\t<div class=\"elementor-element elementor-element-6dade693 elementor-widget elementor-widget-heading\" data-id=\"6dade693\" data-element_type=\"widget\" data-e-type=\"widget\" data-widget_type=\"heading.default\">\n\t\t\t\t<div class=\"elementor-widget-container\">\n\t\t\t\t\t<h4 class=\"elementor-heading-title elementor-size-default\">Conseil en Affaires<\/h4>\t\t\t\t<\/div>\n\t\t\t\t<\/div>\n\t\t\t\t<div class=\"elementor-element elementor-element-706e52d8 elementor-widget elementor-widget-text-editor\" data-id=\"706e52d8\" data-element_type=\"widget\" data-e-type=\"widget\" data-widget_type=\"text-editor.default\">\n\t\t\t\t<div class=\"elementor-widget-container\">\n\t\t\t\t\t\t\t\t\t<p>Alors que le paysage m\u00e9diatique continue d&rsquo;\u00e9voluer, il faut faire preuve de r\u00e9flexion strat\u00e9gique et d&rsquo;adaptabilit\u00e9 pour garder une longueur d&rsquo;avance. Nos services de conseil aux entreprises fournissent aux soci\u00e9t\u00e9s de m\u00e9dias des informations et des strat\u00e9gies pour prosp\u00e9rer \u00e0 l&rsquo;\u00e8re num\u00e9rique. Nous offrons des conseils sur les diff\u00e9rents aspects de la transformation num\u00e9rique, de l&rsquo;int\u00e9gration des nouvelles technologies \u00e0 l&rsquo;\u00e9laboration de mod\u00e8les d&rsquo;entreprise ax\u00e9s sur le num\u00e9rique. Notre approche du conseil est fond\u00e9e sur l&rsquo;exp\u00e9rience du monde r\u00e9el, ce qui garantit des solutions pratiques et r\u00e9alisables pour votre entreprise.<\/p>\n\t\t\t\t\t\t\t\t<\/div>\n\t\t\t\t<\/div>\n\t\t\t\t<\/div>\n\t\t\t\t\t<\/div>\n\t\t\t\t<\/div>\n\t\t\t\t\t<\/div>\n\t\t\t\t<\/div>\n\t\t\t\t<\/div>\n\t\t","protected":false},"excerpt":{"rendered":"<p>Avec plus de 20 ans d&rsquo;exp\u00e9rience dans les m\u00e9dias Canadiens, notamment \u00e0 la radio et dans la presse \u00e9crite, nous apportons une perspective exp\u00e9riment\u00e9e au monde en \u00e9volution du marketing num\u00e9rique. Notre parcours a \u00e9t\u00e9 marqu\u00e9 par une adh\u00e9sion constante au changement, ce qui nous permet de guider efficacement les entreprises de m\u00e9dias dans leur [&hellip;]<\/p>\n","protected":false},"author":1,"featured_media":2157,"parent":0,"menu_order":0,"comment_status":"closed","ping_status":"closed","template":"elementor_theme","meta":{"footnotes":""},"class_list":["post-2608","page","type-page","status-publish","has-post-thumbnail","hentry"],"yoast_head":"<!-- This site is optimized with the Yoast SEO plugin v27.4 - https:\/\/yoast.com\/product\/yoast-seo-wordpress\/ -->\n<title>Services M\u00e9dias - Calumet Media<\/title>\n<meta name=\"robots\" content=\"index, follow, max-snippet:-1, max-image-preview:large, max-video-preview:-1\" \/>\n<link rel=\"canonical\" href=\"https:\/\/calumetmedia.ca\/fr\/services-medias\/\" \/>\n<meta property=\"og:locale\" content=\"fr_FR\" \/>\n<meta property=\"og:type\" content=\"article\" \/>\n<meta property=\"og:title\" content=\"Services M\u00e9dias - Calumet Media\" \/>\n<meta property=\"og:description\" content=\"Avec plus de 20 ans d&rsquo;exp\u00e9rience dans les m\u00e9dias Canadiens, notamment \u00e0 la radio et dans la presse \u00e9crite, nous apportons une perspective exp\u00e9riment\u00e9e au monde en \u00e9volution du marketing num\u00e9rique. Notre parcours a \u00e9t\u00e9 marqu\u00e9 par une adh\u00e9sion constante au changement, ce qui nous permet de guider efficacement les entreprises de m\u00e9dias dans leur [&hellip;]\" \/>\n<meta property=\"og:url\" content=\"https:\/\/calumetmedia.ca\/fr\/services-medias\/\" \/>\n<meta property=\"og:site_name\" content=\"Calumet Media\" \/>\n<meta property=\"article:publisher\" content=\"https:\/\/www.facebook.com\/calumetmedia\" \/>\n<meta property=\"article:modified_time\" content=\"2024-01-03T13:17:32+00:00\" \/>\n<meta property=\"og:image\" content=\"https:\/\/calumetmedia.ca\/wp-content\/uploads\/2022\/11\/news-and-information-scaled.jpg\" \/>\n\t<meta property=\"og:image:width\" content=\"2560\" \/>\n\t<meta property=\"og:image:height\" content=\"2560\" \/>\n\t<meta property=\"og:image:type\" content=\"image\/jpeg\" \/>\n<meta name=\"twitter:card\" content=\"summary_large_image\" \/>\n<meta name=\"twitter:site\" content=\"@calumetmedia\" \/>\n<meta name=\"twitter:label1\" content=\"Dur\u00e9e de lecture estim\u00e9e\" \/>\n\t<meta name=\"twitter:data1\" content=\"2 minutes\" \/>\n<script type=\"application\/ld+json\" class=\"yoast-schema-graph\">{\"@context\":\"https:\\\/\\\/schema.org\",\"@graph\":[{\"@type\":\"WebPage\",\"@id\":\"https:\\\/\\\/calumetmedia.ca\\\/fr\\\/services-medias\\\/\",\"url\":\"https:\\\/\\\/calumetmedia.ca\\\/fr\\\/services-medias\\\/\",\"name\":\"Services M\u00e9dias - Calumet Media\",\"isPartOf\":{\"@id\":\"https:\\\/\\\/calumetmedia.ca\\\/fr\\\/#website\"},\"primaryImageOfPage\":{\"@id\":\"https:\\\/\\\/calumetmedia.ca\\\/fr\\\/services-medias\\\/#primaryimage\"},\"image\":{\"@id\":\"https:\\\/\\\/calumetmedia.ca\\\/fr\\\/services-medias\\\/#primaryimage\"},\"thumbnailUrl\":\"https:\\\/\\\/calumetmedia.ca\\\/wp-content\\\/uploads\\\/2022\\\/11\\\/news-and-information-scaled.jpg\",\"datePublished\":\"2022-12-07T15:05:04+00:00\",\"dateModified\":\"2024-01-03T13:17:32+00:00\",\"breadcrumb\":{\"@id\":\"https:\\\/\\\/calumetmedia.ca\\\/fr\\\/services-medias\\\/#breadcrumb\"},\"inLanguage\":\"fr-FR\",\"potentialAction\":[{\"@type\":\"ReadAction\",\"target\":[\"https:\\\/\\\/calumetmedia.ca\\\/fr\\\/services-medias\\\/\"]}]},{\"@type\":\"ImageObject\",\"inLanguage\":\"fr-FR\",\"@id\":\"https:\\\/\\\/calumetmedia.ca\\\/fr\\\/services-medias\\\/#primaryimage\",\"url\":\"https:\\\/\\\/calumetmedia.ca\\\/wp-content\\\/uploads\\\/2022\\\/11\\\/news-and-information-scaled.jpg\",\"contentUrl\":\"https:\\\/\\\/calumetmedia.ca\\\/wp-content\\\/uploads\\\/2022\\\/11\\\/news-and-information-scaled.jpg\",\"width\":2560,\"height\":2560},{\"@type\":\"BreadcrumbList\",\"@id\":\"https:\\\/\\\/calumetmedia.ca\\\/fr\\\/services-medias\\\/#breadcrumb\",\"itemListElement\":[{\"@type\":\"ListItem\",\"position\":1,\"name\":\"Home\",\"item\":\"https:\\\/\\\/calumetmedia.ca\\\/fr\\\/\"},{\"@type\":\"ListItem\",\"position\":2,\"name\":\"Services M\u00e9dias\"}]},{\"@type\":\"WebSite\",\"@id\":\"https:\\\/\\\/calumetmedia.ca\\\/fr\\\/#website\",\"url\":\"https:\\\/\\\/calumetmedia.ca\\\/fr\\\/\",\"name\":\"Calumet Media and Consulting\",\"description\":\"Solutions de marketing compl\u00e8tes pour les entreprises locales\",\"publisher\":{\"@id\":\"https:\\\/\\\/calumetmedia.ca\\\/fr\\\/#organization\"},\"alternateName\":\"Calumet Media\",\"potentialAction\":[{\"@type\":\"SearchAction\",\"target\":{\"@type\":\"EntryPoint\",\"urlTemplate\":\"https:\\\/\\\/calumetmedia.ca\\\/fr\\\/?s={search_term_string}\"},\"query-input\":{\"@type\":\"PropertyValueSpecification\",\"valueRequired\":true,\"valueName\":\"search_term_string\"}}],\"inLanguage\":\"fr-FR\"},{\"@type\":\"Organization\",\"@id\":\"https:\\\/\\\/calumetmedia.ca\\\/fr\\\/#organization\",\"name\":\"Calumet Media and Consulting\",\"alternateName\":\"Calumet Media\",\"url\":\"https:\\\/\\\/calumetmedia.ca\\\/fr\\\/\",\"logo\":{\"@type\":\"ImageObject\",\"inLanguage\":\"fr-FR\",\"@id\":\"https:\\\/\\\/calumetmedia.ca\\\/fr\\\/#\\\/schema\\\/logo\\\/image\\\/\",\"url\":\"https:\\\/\\\/qbse39.p3cdn1.secureserver.net\\\/wp-content\\\/uploads\\\/2023\\\/01\\\/chat-icon-calumet-long.png?time=1677097172\",\"contentUrl\":\"https:\\\/\\\/qbse39.p3cdn1.secureserver.net\\\/wp-content\\\/uploads\\\/2023\\\/01\\\/chat-icon-calumet-long.png?time=1677097172\",\"width\":648,\"height\":468,\"caption\":\"Calumet Media and Consulting\"},\"image\":{\"@id\":\"https:\\\/\\\/calumetmedia.ca\\\/fr\\\/#\\\/schema\\\/logo\\\/image\\\/\"},\"sameAs\":[\"https:\\\/\\\/www.facebook.com\\\/calumetmedia\",\"https:\\\/\\\/x.com\\\/calumetmedia\",\"https:\\\/\\\/www.linkedin.com\\\/company\\\/calumet-media-consulting\\\/\",\"http:\\\/\\\/www.instagram.com\\\/jonstewartshow\"]}]}<\/script>\n<!-- \/ Yoast SEO plugin. -->","yoast_head_json":{"title":"Services M\u00e9dias - Calumet Media","robots":{"index":"index","follow":"follow","max-snippet":"max-snippet:-1","max-image-preview":"max-image-preview:large","max-video-preview":"max-video-preview:-1"},"canonical":"https:\/\/calumetmedia.ca\/fr\/services-medias\/","og_locale":"fr_FR","og_type":"article","og_title":"Services M\u00e9dias - Calumet Media","og_description":"Avec plus de 20 ans d&rsquo;exp\u00e9rience dans les m\u00e9dias Canadiens, notamment \u00e0 la radio et dans la presse \u00e9crite, nous apportons une perspective exp\u00e9riment\u00e9e au monde en \u00e9volution du marketing num\u00e9rique. Notre parcours a \u00e9t\u00e9 marqu\u00e9 par une adh\u00e9sion constante au changement, ce qui nous permet de guider efficacement les entreprises de m\u00e9dias dans leur [&hellip;]","og_url":"https:\/\/calumetmedia.ca\/fr\/services-medias\/","og_site_name":"Calumet Media","article_publisher":"https:\/\/www.facebook.com\/calumetmedia","article_modified_time":"2024-01-03T13:17:32+00:00","og_image":[{"width":2560,"height":2560,"url":"https:\/\/calumetmedia.ca\/wp-content\/uploads\/2022\/11\/news-and-information-scaled.jpg","type":"image\/jpeg"}],"twitter_card":"summary_large_image","twitter_site":"@calumetmedia","twitter_misc":{"Dur\u00e9e de lecture estim\u00e9e":"2 minutes"},"schema":{"@context":"https:\/\/schema.org","@graph":[{"@type":"WebPage","@id":"https:\/\/calumetmedia.ca\/fr\/services-medias\/","url":"https:\/\/calumetmedia.ca\/fr\/services-medias\/","name":"Services M\u00e9dias - Calumet Media","isPartOf":{"@id":"https:\/\/calumetmedia.ca\/fr\/#website"},"primaryImageOfPage":{"@id":"https:\/\/calumetmedia.ca\/fr\/services-medias\/#primaryimage"},"image":{"@id":"https:\/\/calumetmedia.ca\/fr\/services-medias\/#primaryimage"},"thumbnailUrl":"https:\/\/calumetmedia.ca\/wp-content\/uploads\/2022\/11\/news-and-information-scaled.jpg","datePublished":"2022-12-07T15:05:04+00:00","dateModified":"2024-01-03T13:17:32+00:00","breadcrumb":{"@id":"https:\/\/calumetmedia.ca\/fr\/services-medias\/#breadcrumb"},"inLanguage":"fr-FR","potentialAction":[{"@type":"ReadAction","target":["https:\/\/calumetmedia.ca\/fr\/services-medias\/"]}]},{"@type":"ImageObject","inLanguage":"fr-FR","@id":"https:\/\/calumetmedia.ca\/fr\/services-medias\/#primaryimage","url":"https:\/\/calumetmedia.ca\/wp-content\/uploads\/2022\/11\/news-and-information-scaled.jpg","contentUrl":"https:\/\/calumetmedia.ca\/wp-content\/uploads\/2022\/11\/news-and-information-scaled.jpg","width":2560,"height":2560},{"@type":"BreadcrumbList","@id":"https:\/\/calumetmedia.ca\/fr\/services-medias\/#breadcrumb","itemListElement":[{"@type":"ListItem","position":1,"name":"Home","item":"https:\/\/calumetmedia.ca\/fr\/"},{"@type":"ListItem","position":2,"name":"Services M\u00e9dias"}]},{"@type":"WebSite","@id":"https:\/\/calumetmedia.ca\/fr\/#website","url":"https:\/\/calumetmedia.ca\/fr\/","name":"Calumet Media and Consulting","description":"Solutions de marketing compl\u00e8tes pour les entreprises locales","publisher":{"@id":"https:\/\/calumetmedia.ca\/fr\/#organization"},"alternateName":"Calumet Media","potentialAction":[{"@type":"SearchAction","target":{"@type":"EntryPoint","urlTemplate":"https:\/\/calumetmedia.ca\/fr\/?s={search_term_string}"},"query-input":{"@type":"PropertyValueSpecification","valueRequired":true,"valueName":"search_term_string"}}],"inLanguage":"fr-FR"},{"@type":"Organization","@id":"https:\/\/calumetmedia.ca\/fr\/#organization","name":"Calumet Media and Consulting","alternateName":"Calumet Media","url":"https:\/\/calumetmedia.ca\/fr\/","logo":{"@type":"ImageObject","inLanguage":"fr-FR","@id":"https:\/\/calumetmedia.ca\/fr\/#\/schema\/logo\/image\/","url":"https:\/\/qbse39.p3cdn1.secureserver.net\/wp-content\/uploads\/2023\/01\/chat-icon-calumet-long.png?time=1677097172","contentUrl":"https:\/\/qbse39.p3cdn1.secureserver.net\/wp-content\/uploads\/2023\/01\/chat-icon-calumet-long.png?time=1677097172","width":648,"height":468,"caption":"Calumet Media and Consulting"},"image":{"@id":"https:\/\/calumetmedia.ca\/fr\/#\/schema\/logo\/image\/"},"sameAs":["https:\/\/www.facebook.com\/calumetmedia","https:\/\/x.com\/calumetmedia","https:\/\/www.linkedin.com\/company\/calumet-media-consulting\/","http:\/\/www.instagram.com\/jonstewartshow"]}]}},"_links":{"self":[{"href":"https:\/\/calumetmedia.ca\/fr\/wp-json\/wp\/v2\/pages\/2608","targetHints":{"allow":["GET"]}}],"collection":[{"href":"https:\/\/calumetmedia.ca\/fr\/wp-json\/wp\/v2\/pages"}],"about":[{"href":"https:\/\/calumetmedia.ca\/fr\/wp-json\/wp\/v2\/types\/page"}],"author":[{"embeddable":true,"href":"https:\/\/calumetmedia.ca\/fr\/wp-json\/wp\/v2\/users\/1"}],"replies":[{"embeddable":true,"href":"https:\/\/calumetmedia.ca\/fr\/wp-json\/wp\/v2\/comments?post=2608"}],"version-history":[{"count":0,"href":"https:\/\/calumetmedia.ca\/fr\/wp-json\/wp\/v2\/pages\/2608\/revisions"}],"wp:featuredmedia":[{"embeddable":true,"href":"https:\/\/calumetmedia.ca\/fr\/wp-json\/wp\/v2\/media\/2157"}],"wp:attachment":[{"href":"https:\/\/calumetmedia.ca\/fr\/wp-json\/wp\/v2\/media?parent=2608"}],"curies":[{"name":"wp","href":"https:\/\/api.w.org\/{rel}","templated":true}]}}