{"id":2610,"date":"2022-12-05T15:56:40","date_gmt":"2022-12-05T20:56:40","guid":{"rendered":"https:\/\/calumetmedia.ottawavalleymedia.ca\/temoignages\/"},"modified":"2024-01-04T10:22:50","modified_gmt":"2024-01-04T15:22:50","slug":"temoignages","status":"publish","type":"page","link":"https:\/\/calumetmedia.ca\/fr\/temoignages\/","title":{"rendered":"T\u00e9moignages"},"content":{"rendered":"\n<div id=\"wp-block-themeisle-blocks-advanced-columns-ba35ac10\" class=\"wp-block-themeisle-blocks-advanced-columns alignfull has-2-columns has-desktop-equal-layout has-tablet-collapsedRows-layout has-mobile-collapsedRows-layout has-vertical-unset\"><div class=\"wp-block-themeisle-blocks-advanced-columns-overlay\"><\/div><div class=\"innerblocks-wrap\">\n<div id=\"wp-block-themeisle-blocks-advanced-column-6436fd26\" class=\"wp-block-themeisle-blocks-advanced-column ticss-48ef8f35\">\n<figure class=\"wp-block-image aligncenter size-full ticss-39ebe30d is-style-rounded\"><img fetchpriority=\"high\" decoding=\"async\" width=\"1000\" height=\"1000\" src=\"https:\/\/calumetmedia.ca\/wp-content\/uploads\/2022\/12\/thumbsup.png\" alt=\"\" class=\"wp-image-1118\" srcset=\"https:\/\/calumetmedia.ca\/wp-content\/uploads\/2022\/12\/thumbsup.png 1000w, https:\/\/calumetmedia.ca\/wp-content\/uploads\/2022\/12\/thumbsup-300x300.png 300w, https:\/\/calumetmedia.ca\/wp-content\/uploads\/2022\/12\/thumbsup-150x150.png 150w, https:\/\/calumetmedia.ca\/wp-content\/uploads\/2022\/12\/thumbsup-768x768.png 768w, https:\/\/calumetmedia.ca\/wp-content\/uploads\/2022\/12\/thumbsup-400x400.png 400w\" sizes=\"(max-width: 1000px) 100vw, 1000px\" \/><\/figure>\n<\/div>\n\n\n\n<div id=\"wp-block-themeisle-blocks-advanced-column-c5a7861d\" class=\"wp-block-themeisle-blocks-advanced-column ticss-5418d6a3\">\n<h1 class=\"has-nv-site-bg-color has-text-color wp-block-heading\">T\u00e9moignages<\/h1>\n\n\n\n<p class=\"has-nv-site-bg-color has-text-color\">Calumet Media fait du bon travail &#8211; mais ne nous le prenez pas pour acquis! \u00c9coutez ce que d&rsquo;autres leaders du secteur, coll\u00e8gues et clients ont \u00e0 dire sur leur collaboration avec Jon Stewart.<\/p>\n<\/div>\n<\/div><\/div>\n\n<div class=\"guten-element guten-spacer guten-zDXiUt\"><\/div>\n\n<div class=\"section-wrapper\" data-id=\"u52Xr5\"><section class=\"wp-block-gutenverse-section guten-element guten-section guten-u52Xr5 layout-boxed align-stretch\"><div class=\"guten-background-overlay\"><\/div><div class=\"guten-shape-divider guten-shape-divider-top\"><\/div><div class=\"guten-shape-divider guten-shape-divider-bottom\"><\/div><div class=\"guten-container guten-column-gap-default\">\n<div class=\"wp-block-gutenverse-column guten-element guten-column guten-BcO9B9\"><div class=\"guten-background-overlay\"><\/div><div class=\"sticky-wrapper\" data-id=\"BcO9B9\"><div class=\"guten-column-wrapper\">\n<div class=\"guten-element guten-testimonials guten-PKVULV style-4 quote-override\"><div class=\"testimonials-list\"><div id=\"guten-PKVULV\" class=\"swiper-container\" data-loop=\"true\" data-autoplay=\"false\" data-timeout=\"2400\" data-nav=\"false\" data-arrow=\"true\" data-breakpoints=\"{\"0\":{\"spaceBetween\":10,\"slidesPerView\":1},\"768\":{\"spaceBetween\":10,\"slidesPerView\":2},\"1024\":{\"spaceBetween\":35,\"slidesPerView\":3}}\"><div class=\"swiper-wrapper\"><div class=\"swiper-slide\"><div class=\"guten-testimonial-item\"><div class=\"testimonial-box hover-from-left\"><div class=\" icon-content\"><i aria-hidden=\"true\" class=\"fas fa-quote-left\"><\/i><\/div><div class=\"comment-bio\"><div class=\"bio-details\"><div class=\"profile-image\"><img decoding=\"async\" src=\"https:\/\/calumetmedia.ca\/wp-content\/uploads\/2022\/11\/dannykingsbury.jpg\" alt=\"Danny Kingsbury\"><\/div><ul class=\"rating-stars\"><\/ul><span class=\"profile-info\"><strong class=\"profile-name\">Danny Kingsbury<\/strong><p class=\"profile-des\">Vice-pr\u00e9sident de la programmation, Rogers Media<\/p><\/span><\/div><\/div><div class=\"comment-content\"><p>J&rsquo;ai travaill\u00e9 et collabor\u00e9 avec Jon pendant plus de 20 ans dans des radios priv\u00e9es et des organisations \u00e0 but non lucratif. Je tiens ses comp\u00e9tences et ses capacit\u00e9s en tr\u00e8s haute estime. Je ne suis pas seul \u00e0 faire mon \u00e9loge. L&rsquo;exp\u00e9rience et les nombreux succ\u00e8s de Jon parlent d&rsquo;eux-m\u00eames ; cependant, je crois personnellement que c&rsquo;est ce que Jon doit encore faire qui sera sa plus grande r\u00e9ussite. Dans le monde num\u00e9rique en pleine mutation, Jon peut guider les \u00e9quipes \u00e0 travers le bruit pour se concentrer sur les strat\u00e9gies qui ont un impact sur l&rsquo;augmentation de l&rsquo;audience ou des revenus.<\/p><\/div><\/div><\/div><\/div><div class=\"swiper-slide\"><div class=\"guten-testimonial-item\"><div class=\"testimonial-box hover-from-left\"><div class=\" icon-content\"><i aria-hidden=\"true\" class=\"fas fa-quote-left\"><\/i><\/div><div class=\"comment-bio\"><div class=\"bio-details\"><div class=\"profile-image\"><img decoding=\"async\" src=\"https:\/\/calumetmedia.ca\/wp-content\/uploads\/2022\/11\/mike-healey.jpg\" alt=\"Mike Healey\"><\/div><ul class=\"rating-stars\"><\/ul><span class=\"profile-info\"><strong class=\"profile-name\">Mike Healey<\/strong><p class=\"profile-des\">Directeur de AdTech, Dandelion <\/p><\/span><\/div><\/div><div class=\"comment-content\"><p>Si je devais d\u00e9crire Jon en quelques mots, ce serait Leader avant-gardiste. J&rsquo;ai eu la chance d&rsquo;\u00eatre t\u00e9moin de la capacit\u00e9 de Jon \u00e0 conduire la transformation num\u00e9rique\/la croissance, et \u00e0 cr\u00e9er des opportunit\u00e9s tant pour ses clients que pour les \u00e9quipes qu&rsquo;il a dirig\u00e9es. Jon fait preuve d&rsquo;un v\u00e9ritable int\u00e9r\u00eat pour le marketing et n&rsquo;a jamais recul\u00e9 devant l&rsquo;\u00e9volution de l&rsquo;\u00e9cosyst\u00e8me num\u00e9rique. Il consacre beaucoup de temps et d&rsquo;efforts \u00e0 d\u00e9couvrir et \u00e0 comprendre parfaitement les besoins de ses clients, afin de pouvoir faire des recommandations qui leur assureront un retour sur investissement positif. De la PME \u00e0 l&rsquo;entreprise, Jon a l&rsquo;exp\u00e9rience n\u00e9cessaire pour d\u00e9bloquer des opportunit\u00e9s et faire progresser les entreprises.<\/p><\/div><\/div><\/div><\/div><div class=\"swiper-slide\"><div class=\"guten-testimonial-item\"><div class=\"testimonial-box hover-from-left\"><div class=\" icon-content\"><i aria-hidden=\"true\" class=\"fas fa-quote-left\"><\/i><\/div><div class=\"comment-bio\"><div class=\"bio-details\"><div class=\"profile-image\"><img decoding=\"async\" src=\"https:\/\/calumetmedia.ca\/wp-content\/uploads\/2022\/11\/victor-giacommelli.jpg\" alt=\"Victor Giacomelli\"><\/div><ul class=\"rating-stars\"><\/ul><span class=\"profile-info\"><strong class=\"profile-name\">Victor Giacomelli<\/strong><p class=\"profile-des\">Directeur des ventes, Audacy Denver<\/p><\/span><\/div><\/div><div class=\"comment-content\"><p>J&rsquo;ai travaill\u00e9 avec Jon dans deux organisations. La capacit\u00e9 de Jon \u00e0 simplifier des id\u00e9es complexes pour les rendre compr\u00e9hensibles par des personnes non techniques est in\u00e9gal\u00e9e dans le secteur des m\u00e9dias. Simple mais tr\u00e8s comp\u00e9tent, son approche de la formation suscite un r\u00e9el engagement de la part de son public, ce qui permet au contenu de \u00ab\u00a0coller\u00a0\u00bb longtemps apr\u00e8s la fin de la session. Les \u00e9quipes avec lesquelles il a travaill\u00e9 ont vu leur chiffre d&rsquo;affaires num\u00e9rique augmenter de mani\u00e8re significative, ce qui peut \u00eatre attribu\u00e9 \u00e0 la confiance qu&rsquo;elles ont acquise apr\u00e8s avoir travaill\u00e9 avec Jon. Hautement recommand\u00e9!<\/p><\/div><\/div><\/div><\/div><\/div><div class=\"swiper-button-prev\"><\/div><div class=\"swiper-button-next\"><\/div><\/div><\/div><\/div>\n<\/div><\/div><\/div>\n<\/div><\/section><\/div>\n\n<div class=\"guten-element guten-spacer guten-pID4Zc\"><\/div>\n\n<div class=\"section-wrapper\" data-id=\"Jmjnhj\"><section class=\"wp-block-gutenverse-section guten-element guten-section guten-Jmjnhj layout-fullwidth align-stretch\"><div class=\"guten-background-overlay\"><\/div><div class=\"guten-shape-divider guten-shape-divider-top\"><\/div><div class=\"guten-shape-divider guten-shape-divider-bottom\"><\/div><div class=\"guten-container guten-column-gap-default\">\n<div class=\"wp-block-gutenverse-column guten-element guten-column guten-HTkVBY\"><div class=\"guten-background-overlay\"><\/div><div class=\"sticky-wrapper\" data-id=\"HTkVBY\"><div class=\"guten-column-wrapper\">\n<div class=\"section-wrapper\" data-id=\"LIBomp\"><section class=\"wp-block-gutenverse-section guten-element guten-section guten-LIBomp layout-boxed align-stretch\"><div class=\"guten-background-overlay\"><\/div><div class=\"guten-shape-divider guten-shape-divider-top\"><\/div><div class=\"guten-shape-divider guten-shape-divider-bottom\"><\/div><div class=\"guten-container guten-column-gap-default\">\n<div class=\"wp-block-gutenverse-column guten-element guten-column guten-S6ae5S\"><div class=\"guten-background-overlay\"><\/div><div class=\"sticky-wrapper\" data-id=\"S6ae5S\"><div class=\"guten-column-wrapper\">\n<div class=\"wp-block-uagb-advanced-heading uagb-block-ea8d0b64\"><h2 class=\"uagb-heading-text\">Get In Touch!<\/h2><\/div>\n\n\n\n<div class=\"guten-element gutenverse-text-editor guten-1VUcNT\"><div class=\"text-content-inner\">\n<p class=\"has-nv-site-bg-color has-text-color\">Contactez-nous pour une consultation gratuite et sans obligation et travaillons ensemble \u00e0 l&rsquo;am\u00e9lioration de vos ventes et de votre marketing!<\/p>\n<\/div><\/div>\n<\/div><\/div><\/div>\n\n\n\n<div class=\"wp-block-gutenverse-column guten-element guten-column guten-xO8YVP\"><div class=\"guten-background-overlay\"><\/div><div class=\"sticky-wrapper\" data-id=\"xO8YVP\"><div class=\"guten-column-wrapper\">\n<div class=\"guten-element guten-button-wrapper guten-HwL3rh\"><a class=\"guten-button guten-button-sm\" href=\"https:\/\/calumetmedia.ca\/fr\/contact\/\"><span>Commencez<\/span><\/a><\/div>\n<\/div><\/div><\/div>\n<\/div><\/section><\/div>\n\n\n\n<div class=\"section-wrapper\" data-id=\"i2cooj\"><section class=\"wp-block-gutenverse-section guten-element guten-section guten-i2cooj layout-boxed align-stretch\"><div class=\"guten-background-overlay\"><\/div><div class=\"guten-shape-divider guten-shape-divider-top\"><\/div><div class=\"guten-shape-divider guten-shape-divider-bottom\"><\/div><div class=\"guten-container guten-column-gap-default\">\n<div class=\"wp-block-gutenverse-column guten-element guten-column guten-l03XgJ\"><div class=\"guten-background-overlay\"><\/div><div class=\"sticky-wrapper\" data-id=\"l03XgJ\"><div class=\"guten-column-wrapper\">\n<div class=\"wp-block-gutenverse-image guten-element guten-image guten-ITwWw1\"><a class=\"guten-image-wrapper\"><img decoding=\"async\" class=\"gutenverse-image-box-filled\" src=\"https:\/\/calumetmedia.ca\/wp-content\/uploads\/2022\/11\/cmc-logo.png\" height=\"428\" width=\"615\"><\/a><\/div>\n\n\n\n<div class=\"guten-element gutenverse-text-editor guten-EGZWn0\"><div class=\"text-content-inner\"><\/div><\/div>\n\n\n\n<div class=\"guten-element guten-social-icons guten-Z6MdGg rounded horizontal custom\">\n<div class=\"guten-element guten-social-icon guten-RACX3C link\"><a id=\"guten-RACX3C\" href=\"http:\/\/www.linkedin.com\/in\/jonstewartshow\/\"><i class=\"fab fa-linkedin\"><\/i><span><\/span><\/a><\/div>\n\n\n\n<div class=\"guten-element guten-social-icon guten-mru58Y facebook\"><a id=\"guten-mru58Y\" href=\"https:\/\/www.facebook.com\/calumetmedia\"><i class=\"gtn gtn-facebook-f\"><\/i><span><\/span><\/a><\/div>\n\n\n\n<div class=\"guten-element guten-social-icon guten-e1EEwG instagram\"><a id=\"guten-e1EEwG\" href=\"https:\/\/www.instagram.com\/calumetmedia\"><i class=\"fab fa-instagram\"><\/i><span><\/span><\/a><\/div>\n\n\n\n<div class=\"guten-element guten-social-icon guten-qbAMOy twitter\"><a id=\"guten-qbAMOy\" href=\"https:\/\/www.twitter.com\/calumetmedia\"><i class=\"fab fa-twitter\"><\/i><span><\/span><\/a><\/div>\n<\/div>\n<\/div><\/div><\/div>\n\n\n\n<div class=\"wp-block-gutenverse-column guten-element guten-column guten-7jshxz\"><div class=\"guten-background-overlay\"><\/div><div class=\"sticky-wrapper\" data-id=\"7jshxz\"><div class=\"guten-column-wrapper\">\n<h4 class=\"wp-block-gutenverse-heading guten-element guten-ObxZkq\">Services<\/h4>\n\n\n\n<div class=\"guten-element guten-icon-list guten-VxUp5u\">\n<div class=\"guten-element guten-icon-list-item guten-Wwqb37\"><a id=\"guten-Wwqb37\" href=\"https:\/\/calumetmedia.ca\/services-for-small-businesses\/\"><i class=\"fas fa-check\"><\/i><span class=\"list-text \">Services de Marketing Num\u00e9rique pour les Petites Entreprises<\/span><\/a><\/div>\n\n\n\n<div class=\"guten-element guten-icon-list-item guten-0GXiQu\"><a id=\"guten-0GXiQu\" href=\"https:\/\/calumetmedia.ca\/fr\/services-medias\/\"><i class=\"fas fa-check\"><\/i><span class=\"list-text \">Conseil et Formation \u00e0 la Vente pour les Marques de M\u00e9dias<\/span><\/a><\/div>\n\n\n\n<div class=\"guten-element guten-icon-list-item guten-NO9dIs\"><a id=\"guten-NO9dIs\" href=\"https:\/\/calumetmedia.ca\/fr\/audit-de-votre-site-web\/\"><i class=\"fas fa-check\"><\/i><span class=\"list-text \">Audit gratuit du r\u00e9f\u00e9rencement du site web<\/span><\/a><\/div>\n<\/div>\n<\/div><\/div><\/div>\n\n\n\n<div class=\"wp-block-gutenverse-column guten-element guten-column guten-GSdgKl\"><div class=\"guten-background-overlay\"><\/div><div class=\"sticky-wrapper\" data-id=\"GSdgKl\"><div class=\"guten-column-wrapper\">\n<h4 class=\"wp-block-gutenverse-heading guten-element guten-RwERkk\">Liens Rapides<\/h4>\n\n\n\n<div class=\"guten-element guten-icon-list guten-YztvE0\">\n<div class=\"guten-element guten-icon-list-item guten-9JEHYZ\"><a id=\"guten-9JEHYZ\" href=\"https:\/\/calumetmedia.ca\/fr\/a-propos-de-calumet-media\/\"><i class=\"fas fa-check\"><\/i><span class=\"list-text \">A Propos de Nous<\/span><\/a><\/div>\n\n\n\n<div class=\"guten-element guten-icon-list-item guten-kNCHU0\"><a id=\"guten-kNCHU0\" href=\"https:\/\/calumetmedia.ca\/about-jon-stewart\/\"><i class=\"fas fa-check\"><\/i><span class=\"list-text \">\u00c0 Propos de Jon Stewart<\/span><\/a><\/div>\n\n\n\n<div class=\"guten-element guten-icon-list-item guten-3daGYS\"><a id=\"guten-3daGYS\" href=\"https:\/\/calumetmedia.ca\/fr\/nouvelles\/\"><i class=\"fas fa-check\"><\/i><span class=\"list-text \">Nouvelles et Mises \u00e0 jour<\/span><\/a><\/div>\n\n\n\n<div class=\"guten-element guten-icon-list-item guten-jTZl8u\"><a id=\"guten-jTZl8u\"><i class=\"fas fa-check\"><\/i><span class=\"list-text \">Contact<\/span><\/a><\/div>\n<\/div>\n<\/div><\/div><\/div>\n\n\n\n<div class=\"wp-block-gutenverse-column guten-element guten-column guten-XiDd6I\"><div class=\"guten-background-overlay\"><\/div><div class=\"sticky-wrapper\" data-id=\"XiDd6I\"><div class=\"guten-column-wrapper\">\n<h2 class=\"wp-block-gutenverse-heading guten-element guten-ormijW\">Contact<\/h2>\n\n\n\n<div class=\"guten-element guten-icon-list guten-skstzK\">\n<div class=\"guten-element guten-icon-list-item guten-u4rgxR\"><a id=\"guten-u4rgxR\"><i class=\"fas fa-map-marker-alt\"><\/i><span class=\"list-text \">Otter Lake, Qu\u00e9bec, Canada<\/span><\/a><\/div>\n\n\n\n<div class=\"guten-element guten-icon-list-item guten-TLw8Ss\"><a id=\"guten-TLw8Ss\" href=\"tel:6137962991\"><i class=\"fas fa-phone-alt\"><\/i><span class=\"list-text \">(613) 796 &#8211; 2991<\/span><\/a><\/div>\n\n\n\n<div class=\"guten-element guten-icon-list-item guten-g9KKZJ\"><a id=\"guten-g9KKZJ\" href=\"mailto:jon@calumetmedia.ca\"><i class=\"fas fa-envelope\"><\/i><span class=\"list-text \">jon@calumetmedia.ca<\/span><\/a><\/div>\n<\/div>\n<\/div><\/div><\/div>\n<\/div><\/section><\/div>\n\n\n\n<div class=\"section-wrapper\" data-id=\"ob9UeO\"><section class=\"wp-block-gutenverse-section guten-element guten-section guten-ob9UeO layout-boxed align-stretch\"><div class=\"guten-background-overlay\"><\/div><div class=\"guten-shape-divider guten-shape-divider-top\"><\/div><div class=\"guten-shape-divider guten-shape-divider-bottom\"><\/div><div class=\"guten-container guten-column-gap-no\">\n<div class=\"wp-block-gutenverse-column guten-element guten-column guten-iKOdkB\"><div class=\"guten-background-overlay\"><\/div><div class=\"sticky-wrapper\" data-id=\"iKOdkB\"><div class=\"guten-column-wrapper\">\n<div class=\"guten-element gutenverse-text-editor guten-icotpe\"><div class=\"text-content-inner\">\n<p class=\"has-nv-site-bg-color has-text-color\">Copyright \u00a9 2023 Calumet Media &amp; Consulting<\/p>\n<\/div><\/div>\n<\/div><\/div><\/div>\n\n\n\n<div class=\"wp-block-gutenverse-column guten-element guten-column guten-GPSwAp\"><div class=\"guten-background-overlay\"><\/div><div class=\"sticky-wrapper\" data-id=\"GPSwAp\"><div class=\"guten-column-wrapper\">\n<div class=\"guten-element guten-icon-list guten-uB4Kcu inline-icon-list\">\n<div class=\"guten-element guten-icon-list-item guten-gvbyGv\"><a id=\"guten-gvbyGv\" href=\"https:\/\/calumetmedia.ca\/fr\/politique-de-confidentialite\/\"><span class=\"list-text no-icon\">Politique de Confidentialit\u00e9<\/span><\/a><\/div>\n<\/div>\n<\/div><\/div><\/div>\n<\/div><\/section><\/div>\n<\/div><\/div><\/div>\n<\/div><\/section><\/div>\n","protected":false},"excerpt":{"rendered":"","protected":false},"author":1,"featured_media":0,"parent":0,"menu_order":0,"comment_status":"closed","ping_status":"closed","template":"","meta":{"footnotes":""},"class_list":["post-2610","page","type-page","status-publish","hentry"],"yoast_head":"<!-- This site is optimized with the Yoast SEO plugin v27.5 - https:\/\/yoast.com\/product\/yoast-seo-wordpress\/ -->\n<title>T\u00e9moignages - Calumet Media<\/title>\n<meta name=\"robots\" content=\"index, follow, max-snippet:-1, max-image-preview:large, max-video-preview:-1\" \/>\n<link rel=\"canonical\" href=\"https:\/\/calumetmedia.ca\/fr\/temoignages\/\" \/>\n<meta property=\"og:locale\" content=\"fr_FR\" \/>\n<meta property=\"og:type\" content=\"article\" \/>\n<meta property=\"og:title\" content=\"T\u00e9moignages - Calumet Media\" \/>\n<meta property=\"og:url\" content=\"https:\/\/calumetmedia.ca\/fr\/temoignages\/\" \/>\n<meta property=\"og:site_name\" content=\"Calumet Media\" \/>\n<meta property=\"article:publisher\" content=\"https:\/\/www.facebook.com\/calumetmedia\" \/>\n<meta property=\"article:modified_time\" content=\"2024-01-04T15:22:50+00:00\" \/>\n<meta property=\"og:image\" content=\"https:\/\/calumetmedia.ca\/wp-content\/uploads\/2022\/12\/thumbsup.png\" \/>\n<meta name=\"twitter:card\" content=\"summary_large_image\" \/>\n<meta name=\"twitter:site\" content=\"@calumetmedia\" \/>\n<meta name=\"twitter:label1\" content=\"Dur\u00e9e de lecture estim\u00e9e\" \/>\n\t<meta name=\"twitter:data1\" content=\"2 minutes\" \/>\n<script type=\"application\/ld+json\" class=\"yoast-schema-graph\">{\"@context\":\"https:\\\/\\\/schema.org\",\"@graph\":[{\"@type\":\"WebPage\",\"@id\":\"https:\\\/\\\/calumetmedia.ca\\\/fr\\\/temoignages\\\/\",\"url\":\"https:\\\/\\\/calumetmedia.ca\\\/fr\\\/temoignages\\\/\",\"name\":\"T\u00e9moignages - Calumet Media\",\"isPartOf\":{\"@id\":\"https:\\\/\\\/calumetmedia.ca\\\/fr\\\/#website\"},\"primaryImageOfPage\":{\"@id\":\"https:\\\/\\\/calumetmedia.ca\\\/fr\\\/temoignages\\\/#primaryimage\"},\"image\":{\"@id\":\"https:\\\/\\\/calumetmedia.ca\\\/fr\\\/temoignages\\\/#primaryimage\"},\"thumbnailUrl\":\"https:\\\/\\\/calumetmedia.ca\\\/wp-content\\\/uploads\\\/2022\\\/12\\\/thumbsup.png\",\"datePublished\":\"2022-12-05T20:56:40+00:00\",\"dateModified\":\"2024-01-04T15:22:50+00:00\",\"breadcrumb\":{\"@id\":\"https:\\\/\\\/calumetmedia.ca\\\/fr\\\/temoignages\\\/#breadcrumb\"},\"inLanguage\":\"fr-FR\",\"potentialAction\":[{\"@type\":\"ReadAction\",\"target\":[\"https:\\\/\\\/calumetmedia.ca\\\/fr\\\/temoignages\\\/\"]}]},{\"@type\":\"ImageObject\",\"inLanguage\":\"fr-FR\",\"@id\":\"https:\\\/\\\/calumetmedia.ca\\\/fr\\\/temoignages\\\/#primaryimage\",\"url\":\"https:\\\/\\\/calumetmedia.ca\\\/wp-content\\\/uploads\\\/2022\\\/12\\\/thumbsup.png\",\"contentUrl\":\"https:\\\/\\\/calumetmedia.ca\\\/wp-content\\\/uploads\\\/2022\\\/12\\\/thumbsup.png\"},{\"@type\":\"BreadcrumbList\",\"@id\":\"https:\\\/\\\/calumetmedia.ca\\\/fr\\\/temoignages\\\/#breadcrumb\",\"itemListElement\":[{\"@type\":\"ListItem\",\"position\":1,\"name\":\"Home\",\"item\":\"https:\\\/\\\/calumetmedia.ca\\\/fr\\\/\"},{\"@type\":\"ListItem\",\"position\":2,\"name\":\"T\u00e9moignages\"}]},{\"@type\":\"WebSite\",\"@id\":\"https:\\\/\\\/calumetmedia.ca\\\/fr\\\/#website\",\"url\":\"https:\\\/\\\/calumetmedia.ca\\\/fr\\\/\",\"name\":\"Calumet Media and Consulting\",\"description\":\"Solutions de marketing compl\u00e8tes pour les entreprises locales\",\"publisher\":{\"@id\":\"https:\\\/\\\/calumetmedia.ca\\\/fr\\\/#organization\"},\"alternateName\":\"Calumet Media\",\"potentialAction\":[{\"@type\":\"SearchAction\",\"target\":{\"@type\":\"EntryPoint\",\"urlTemplate\":\"https:\\\/\\\/calumetmedia.ca\\\/fr\\\/?s={search_term_string}\"},\"query-input\":{\"@type\":\"PropertyValueSpecification\",\"valueRequired\":true,\"valueName\":\"search_term_string\"}}],\"inLanguage\":\"fr-FR\"},{\"@type\":\"Organization\",\"@id\":\"https:\\\/\\\/calumetmedia.ca\\\/fr\\\/#organization\",\"name\":\"Calumet Media and Consulting\",\"alternateName\":\"Calumet Media\",\"url\":\"https:\\\/\\\/calumetmedia.ca\\\/fr\\\/\",\"logo\":{\"@type\":\"ImageObject\",\"inLanguage\":\"fr-FR\",\"@id\":\"https:\\\/\\\/calumetmedia.ca\\\/fr\\\/#\\\/schema\\\/logo\\\/image\\\/\",\"url\":\"https:\\\/\\\/qbse39.p3cdn1.secureserver.net\\\/wp-content\\\/uploads\\\/2023\\\/01\\\/chat-icon-calumet-long.png?time=1677097172\",\"contentUrl\":\"https:\\\/\\\/qbse39.p3cdn1.secureserver.net\\\/wp-content\\\/uploads\\\/2023\\\/01\\\/chat-icon-calumet-long.png?time=1677097172\",\"width\":648,\"height\":468,\"caption\":\"Calumet Media and Consulting\"},\"image\":{\"@id\":\"https:\\\/\\\/calumetmedia.ca\\\/fr\\\/#\\\/schema\\\/logo\\\/image\\\/\"},\"sameAs\":[\"https:\\\/\\\/www.facebook.com\\\/calumetmedia\",\"https:\\\/\\\/x.com\\\/calumetmedia\",\"https:\\\/\\\/www.linkedin.com\\\/company\\\/calumet-media-consulting\\\/\",\"http:\\\/\\\/www.instagram.com\\\/jonstewartshow\"]}]}<\/script>\n<!-- \/ Yoast SEO plugin. -->","yoast_head_json":{"title":"T\u00e9moignages - Calumet Media","robots":{"index":"index","follow":"follow","max-snippet":"max-snippet:-1","max-image-preview":"max-image-preview:large","max-video-preview":"max-video-preview:-1"},"canonical":"https:\/\/calumetmedia.ca\/fr\/temoignages\/","og_locale":"fr_FR","og_type":"article","og_title":"T\u00e9moignages - Calumet Media","og_url":"https:\/\/calumetmedia.ca\/fr\/temoignages\/","og_site_name":"Calumet Media","article_publisher":"https:\/\/www.facebook.com\/calumetmedia","article_modified_time":"2024-01-04T15:22:50+00:00","og_image":[{"url":"https:\/\/calumetmedia.ca\/wp-content\/uploads\/2022\/12\/thumbsup.png","type":"","width":"","height":""}],"twitter_card":"summary_large_image","twitter_site":"@calumetmedia","twitter_misc":{"Dur\u00e9e de lecture estim\u00e9e":"2 minutes"},"schema":{"@context":"https:\/\/schema.org","@graph":[{"@type":"WebPage","@id":"https:\/\/calumetmedia.ca\/fr\/temoignages\/","url":"https:\/\/calumetmedia.ca\/fr\/temoignages\/","name":"T\u00e9moignages - Calumet Media","isPartOf":{"@id":"https:\/\/calumetmedia.ca\/fr\/#website"},"primaryImageOfPage":{"@id":"https:\/\/calumetmedia.ca\/fr\/temoignages\/#primaryimage"},"image":{"@id":"https:\/\/calumetmedia.ca\/fr\/temoignages\/#primaryimage"},"thumbnailUrl":"https:\/\/calumetmedia.ca\/wp-content\/uploads\/2022\/12\/thumbsup.png","datePublished":"2022-12-05T20:56:40+00:00","dateModified":"2024-01-04T15:22:50+00:00","breadcrumb":{"@id":"https:\/\/calumetmedia.ca\/fr\/temoignages\/#breadcrumb"},"inLanguage":"fr-FR","potentialAction":[{"@type":"ReadAction","target":["https:\/\/calumetmedia.ca\/fr\/temoignages\/"]}]},{"@type":"ImageObject","inLanguage":"fr-FR","@id":"https:\/\/calumetmedia.ca\/fr\/temoignages\/#primaryimage","url":"https:\/\/calumetmedia.ca\/wp-content\/uploads\/2022\/12\/thumbsup.png","contentUrl":"https:\/\/calumetmedia.ca\/wp-content\/uploads\/2022\/12\/thumbsup.png"},{"@type":"BreadcrumbList","@id":"https:\/\/calumetmedia.ca\/fr\/temoignages\/#breadcrumb","itemListElement":[{"@type":"ListItem","position":1,"name":"Home","item":"https:\/\/calumetmedia.ca\/fr\/"},{"@type":"ListItem","position":2,"name":"T\u00e9moignages"}]},{"@type":"WebSite","@id":"https:\/\/calumetmedia.ca\/fr\/#website","url":"https:\/\/calumetmedia.ca\/fr\/","name":"Calumet Media and Consulting","description":"Solutions de marketing compl\u00e8tes pour les entreprises locales","publisher":{"@id":"https:\/\/calumetmedia.ca\/fr\/#organization"},"alternateName":"Calumet Media","potentialAction":[{"@type":"SearchAction","target":{"@type":"EntryPoint","urlTemplate":"https:\/\/calumetmedia.ca\/fr\/?s={search_term_string}"},"query-input":{"@type":"PropertyValueSpecification","valueRequired":true,"valueName":"search_term_string"}}],"inLanguage":"fr-FR"},{"@type":"Organization","@id":"https:\/\/calumetmedia.ca\/fr\/#organization","name":"Calumet Media and Consulting","alternateName":"Calumet Media","url":"https:\/\/calumetmedia.ca\/fr\/","logo":{"@type":"ImageObject","inLanguage":"fr-FR","@id":"https:\/\/calumetmedia.ca\/fr\/#\/schema\/logo\/image\/","url":"https:\/\/qbse39.p3cdn1.secureserver.net\/wp-content\/uploads\/2023\/01\/chat-icon-calumet-long.png?time=1677097172","contentUrl":"https:\/\/qbse39.p3cdn1.secureserver.net\/wp-content\/uploads\/2023\/01\/chat-icon-calumet-long.png?time=1677097172","width":648,"height":468,"caption":"Calumet Media and Consulting"},"image":{"@id":"https:\/\/calumetmedia.ca\/fr\/#\/schema\/logo\/image\/"},"sameAs":["https:\/\/www.facebook.com\/calumetmedia","https:\/\/x.com\/calumetmedia","https:\/\/www.linkedin.com\/company\/calumet-media-consulting\/","http:\/\/www.instagram.com\/jonstewartshow"]}]}},"_links":{"self":[{"href":"https:\/\/calumetmedia.ca\/fr\/wp-json\/wp\/v2\/pages\/2610","targetHints":{"allow":["GET"]}}],"collection":[{"href":"https:\/\/calumetmedia.ca\/fr\/wp-json\/wp\/v2\/pages"}],"about":[{"href":"https:\/\/calumetmedia.ca\/fr\/wp-json\/wp\/v2\/types\/page"}],"author":[{"embeddable":true,"href":"https:\/\/calumetmedia.ca\/fr\/wp-json\/wp\/v2\/users\/1"}],"replies":[{"embeddable":true,"href":"https:\/\/calumetmedia.ca\/fr\/wp-json\/wp\/v2\/comments?post=2610"}],"version-history":[{"count":0,"href":"https:\/\/calumetmedia.ca\/fr\/wp-json\/wp\/v2\/pages\/2610\/revisions"}],"wp:attachment":[{"href":"https:\/\/calumetmedia.ca\/fr\/wp-json\/wp\/v2\/media?parent=2610"}],"curies":[{"name":"wp","href":"https:\/\/api.w.org\/{rel}","templated":true}]}}