{"id":4062,"date":"2023-07-30T10:24:47","date_gmt":"2023-07-30T14:24:47","guid":{"rendered":"https:\/\/calumetmedia.ottawavalleymedia.ca\/our-team\/"},"modified":"2025-01-05T11:05:39","modified_gmt":"2025-01-05T16:05:39","slug":"our-team","status":"publish","type":"page","link":"https:\/\/calumetmedia.ca\/fr\/our-team\/","title":{"rendered":"Notre \u00e9quipe"},"content":{"rendered":"\t\t<div data-elementor-type=\"wp-page\" data-elementor-id=\"4062\" class=\"elementor elementor-4062 elementor-2851\" data-elementor-post-type=\"page\">\n\t\t\t\t<div class=\"elementor-element elementor-element-402f0bb e-flex e-con-boxed e-con e-parent\" data-id=\"402f0bb\" data-element_type=\"container\" data-e-type=\"container\">\n\t\t\t\t\t<div class=\"e-con-inner\">\n\t\t<div class=\"elementor-element elementor-element-3281652 e-con-full e-flex e-con e-child\" data-id=\"3281652\" data-element_type=\"container\" data-e-type=\"container\">\n\t\t\t\t<div class=\"elementor-element elementor-element-b7c5107 elementor-position-top elementor-widget elementor-widget-image-box\" data-id=\"b7c5107\" data-element_type=\"widget\" data-e-type=\"widget\" data-widget_type=\"image-box.default\">\n\t\t\t\t<div class=\"elementor-widget-container\">\n\t\t\t\t\t<div class=\"elementor-image-box-wrapper\"><figure class=\"elementor-image-box-img\"><a href=\"mailto:jon@calumetmedia.ca\" tabindex=\"-1\"><img fetchpriority=\"high\" decoding=\"async\" width=\"692\" height=\"692\" src=\"https:\/\/calumetmedia.ca\/wp-content\/uploads\/2023\/01\/jon-02.jpg\" class=\"attachment-full size-full wp-image-2258\" alt=\"\" srcset=\"https:\/\/calumetmedia.ca\/wp-content\/uploads\/2023\/01\/jon-02.jpg 692w, https:\/\/calumetmedia.ca\/wp-content\/uploads\/2023\/01\/jon-02-300x300.jpg 300w, https:\/\/calumetmedia.ca\/wp-content\/uploads\/2023\/01\/jon-02-150x150.jpg 150w, https:\/\/calumetmedia.ca\/wp-content\/uploads\/2023\/01\/jon-02-400x400.jpg 400w\" sizes=\"(max-width: 692px) 100vw, 692px\" \/><\/a><\/figure><div class=\"elementor-image-box-content\"><h3 class=\"elementor-image-box-title\"><a href=\"mailto:jon@calumetmedia.ca\">Jon Stewart<\/a><\/h3><p class=\"elementor-image-box-description\">Propri\u00e9taire de Calumet Media, Jon a plus de 20 ans d'exp\u00e9rience dans l'industrie des m\u00e9dias au Canada. Leader de la transformation num\u00e9rique, Jon a travaill\u00e9 avec des centaines d'entreprises et les a aid\u00e9es \u00e0 moderniser leur communication avec leurs clients pass\u00e9s, pr\u00e9sents et futurs. \n\nLes racines de Jon dans le Pontiac sont profondes, sa famille ayant \u00e9lu domicile sur l'\u00eele de Calumet depuis les ann\u00e9es 1850 - d'o\u00f9 le nom de l'entreprise. <\/p><\/div><\/div>\t\t\t\t<\/div>\n\t\t\t\t<\/div>\n\t\t\t\t<div class=\"elementor-element elementor-element-bf15a9f elementor-align-center elementor-widget elementor-widget-button\" data-id=\"bf15a9f\" data-element_type=\"widget\" data-e-type=\"widget\" data-widget_type=\"button.default\">\n\t\t\t\t<div class=\"elementor-widget-container\">\n\t\t\t\t\t\t\t\t\t<div class=\"elementor-button-wrapper\">\n\t\t\t\t\t<a class=\"elementor-button elementor-button-link elementor-size-xl\" href=\"mailto:jon@calumetmedia.ca\">\n\t\t\t\t\t\t<span class=\"elementor-button-content-wrapper\">\n\t\t\t\t\t\t\t\t\t<span class=\"elementor-button-text\">ENVOYER UN E-MAIL<\/span>\n\t\t\t\t\t<\/span>\n\t\t\t\t\t<\/a>\n\t\t\t\t<\/div>\n\t\t\t\t\t\t\t\t<\/div>\n\t\t\t\t<\/div>\n\t\t\t\t<\/div>\n\t\t<div class=\"elementor-element elementor-element-93413bc e-con-full e-flex e-con e-child\" data-id=\"93413bc\" data-element_type=\"container\" data-e-type=\"container\">\n\t\t\t\t<div class=\"elementor-element elementor-element-cb0accb elementor-position-top elementor-widget elementor-widget-image-box\" data-id=\"cb0accb\" data-element_type=\"widget\" data-e-type=\"widget\" data-widget_type=\"image-box.default\">\n\t\t\t\t<div class=\"elementor-widget-container\">\n\t\t\t\t\t<div class=\"elementor-image-box-wrapper\"><figure class=\"elementor-image-box-img\"><a href=\"mailto:alan@calumetmedia.ca\" tabindex=\"-1\"><img decoding=\"async\" width=\"800\" height=\"800\" src=\"https:\/\/calumetmedia.ca\/wp-content\/uploads\/2025\/01\/alan-sibbald.jpg\" class=\"attachment-full size-full wp-image-4373\" alt=\"Alan Sibbald\" srcset=\"https:\/\/calumetmedia.ca\/wp-content\/uploads\/2025\/01\/alan-sibbald.jpg 800w, https:\/\/calumetmedia.ca\/wp-content\/uploads\/2025\/01\/alan-sibbald-300x300.jpg 300w, https:\/\/calumetmedia.ca\/wp-content\/uploads\/2025\/01\/alan-sibbald-150x150.jpg 150w, https:\/\/calumetmedia.ca\/wp-content\/uploads\/2025\/01\/alan-sibbald-768x768.jpg 768w\" sizes=\"(max-width: 800px) 100vw, 800px\" \/><\/a><\/figure><div class=\"elementor-image-box-content\"><h3 class=\"elementor-image-box-title\"><a href=\"mailto:alan@calumetmedia.ca\">Alan Sibbald<\/a><\/h3><p class=\"elementor-image-box-description\">Alan s'est joint \u00e0 Calumet Media \u00e0 la fin de 2024 avec une exp\u00e9rience dans les m\u00e9dias, plus pr\u00e9cis\u00e9ment dans les journaux et les communications.<\/p><\/div><\/div>\t\t\t\t<\/div>\n\t\t\t\t<\/div>\n\t\t\t\t<div class=\"elementor-element elementor-element-e3f131f elementor-align-center elementor-widget elementor-widget-button\" data-id=\"e3f131f\" data-element_type=\"widget\" data-e-type=\"widget\" data-widget_type=\"button.default\">\n\t\t\t\t<div class=\"elementor-widget-container\">\n\t\t\t\t\t\t\t\t\t<div class=\"elementor-button-wrapper\">\n\t\t\t\t\t<a class=\"elementor-button elementor-button-link elementor-size-xl\" href=\"mailto:alan@calumetmedia.ca\">\n\t\t\t\t\t\t<span class=\"elementor-button-content-wrapper\">\n\t\t\t\t\t\t\t\t\t<span class=\"elementor-button-text\">ENVOYER UN E-MAIL<\/span>\n\t\t\t\t\t<\/span>\n\t\t\t\t\t<\/a>\n\t\t\t\t<\/div>\n\t\t\t\t\t\t\t\t<\/div>\n\t\t\t\t<\/div>\n\t\t\t\t<\/div>\n\t\t<div class=\"elementor-element elementor-element-101bed6 e-con-full e-flex e-con e-child\" data-id=\"101bed6\" data-element_type=\"container\" data-e-type=\"container\">\n\t\t\t\t<div class=\"elementor-element elementor-element-c636900 elementor-position-top elementor-widget elementor-widget-image-box\" data-id=\"c636900\" data-element_type=\"widget\" data-e-type=\"widget\" data-widget_type=\"image-box.default\">\n\t\t\t\t<div class=\"elementor-widget-container\">\n\t\t\t\t\t<div class=\"elementor-image-box-wrapper\"><figure class=\"elementor-image-box-img\"><a href=\"mailto:bryan@calumetmedia.ca\" tabindex=\"-1\"><img decoding=\"async\" width=\"600\" height=\"599\" src=\"https:\/\/calumetmedia.ca\/wp-content\/uploads\/2023\/06\/brian-pontiac-quebec-videography.png\" class=\"attachment-full size-full wp-image-2796\" alt=\"Brian Chen, videographer\" srcset=\"https:\/\/calumetmedia.ca\/wp-content\/uploads\/2023\/06\/brian-pontiac-quebec-videography.png 600w, https:\/\/calumetmedia.ca\/wp-content\/uploads\/2023\/06\/brian-pontiac-quebec-videography-300x300.png 300w, https:\/\/calumetmedia.ca\/wp-content\/uploads\/2023\/06\/brian-pontiac-quebec-videography-150x150.png 150w, https:\/\/calumetmedia.ca\/wp-content\/uploads\/2023\/06\/brian-pontiac-quebec-videography-400x400.png 400w\" sizes=\"(max-width: 600px) 100vw, 600px\" \/><\/a><\/figure><div class=\"elementor-image-box-content\"><h3 class=\"elementor-image-box-title\"><a href=\"mailto:bryan@calumetmedia.ca\">Bryan Chen<\/a><\/h3><p class=\"elementor-image-box-description\">Bryan Chen a commenc\u00e9 la photographie \u00e0 un tr\u00e8s jeune \u00e2ge, avec une carri\u00e8re qui s'est d\u00e9roul\u00e9e dans le monde entier, notamment \u00e0 Hong Kong, en Australie, au Royaume-Uni et \u00e0 Toronto. Il apporte \u00e0 son m\u00e9tier une riche exp\u00e9rience internationale. Son travail remarquable avec CityTV \u00e0 Toronto t\u00e9moigne de ses prouesses professionnelles. \u00c0 la recherche d'un mode de vie plus serein, Bryan et sa compagne se sont install\u00e9s \u00e0 Ladysmith en 2022. L\u00e0, ils se sont consacr\u00e9s \u00e0 la formation d'artistes en herbe dans les disciplines de la vid\u00e9ographie et de l'art num\u00e9rique par le biais d'un enseignement \u00e0 distance via leur entreprise JR Art Lab.<\/p><\/div><\/div>\t\t\t\t<\/div>\n\t\t\t\t<\/div>\n\t\t\t\t<div class=\"elementor-element elementor-element-6459588 elementor-align-center elementor-widget elementor-widget-button\" data-id=\"6459588\" data-element_type=\"widget\" data-e-type=\"widget\" data-widget_type=\"button.default\">\n\t\t\t\t<div class=\"elementor-widget-container\">\n\t\t\t\t\t\t\t\t\t<div class=\"elementor-button-wrapper\">\n\t\t\t\t\t<a class=\"elementor-button elementor-button-link elementor-size-xl\" href=\"https:\/\/jrartlab.com\/\" target=\"_blank\">\n\t\t\t\t\t\t<span class=\"elementor-button-content-wrapper\">\n\t\t\t\t\t\t\t\t\t<span class=\"elementor-button-text\">VISITE JR ART LAB<\/span>\n\t\t\t\t\t<\/span>\n\t\t\t\t\t<\/a>\n\t\t\t\t<\/div>\n\t\t\t\t\t\t\t\t<\/div>\n\t\t\t\t<\/div>\n\t\t\t\t<\/div>\n\t\t\t\t\t<\/div>\n\t\t\t\t<\/div>\n\t\t\t\t<\/div>\n\t\t","protected":false},"excerpt":{"rendered":"<p>Jon Stewart Propri\u00e9taire de Calumet Media, Jon a plus de 20 ans d&rsquo;exp\u00e9rience dans l&rsquo;industrie des m\u00e9dias au Canada. Leader de la transformation num\u00e9rique, Jon a travaill\u00e9 avec des centaines d&rsquo;entreprises et les a aid\u00e9es \u00e0 moderniser leur communication avec leurs clients pass\u00e9s, pr\u00e9sents et futurs. Les racines de Jon dans le Pontiac sont profondes, [&hellip;]<\/p>\n","protected":false},"author":1,"featured_media":3628,"parent":0,"menu_order":0,"comment_status":"closed","ping_status":"closed","template":"elementor_theme","meta":{"footnotes":""},"class_list":["post-4062","page","type-page","status-publish","has-post-thumbnail","hentry"],"yoast_head":"<!-- This site is optimized with the Yoast SEO plugin v27.3 - https:\/\/yoast.com\/product\/yoast-seo-wordpress\/ -->\n<title>Notre \u00e9quipe - Calumet Media<\/title>\n<meta name=\"robots\" content=\"index, follow, max-snippet:-1, max-image-preview:large, max-video-preview:-1\" \/>\n<link rel=\"canonical\" href=\"https:\/\/calumetmedia.ca\/fr\/our-team\/\" \/>\n<meta property=\"og:locale\" content=\"fr_FR\" \/>\n<meta property=\"og:type\" content=\"article\" \/>\n<meta property=\"og:title\" content=\"Notre \u00e9quipe - Calumet Media\" \/>\n<meta property=\"og:description\" content=\"Jon Stewart Propri\u00e9taire de Calumet Media, Jon a plus de 20 ans d&rsquo;exp\u00e9rience dans l&rsquo;industrie des m\u00e9dias au Canada. Leader de la transformation num\u00e9rique, Jon a travaill\u00e9 avec des centaines d&rsquo;entreprises et les a aid\u00e9es \u00e0 moderniser leur communication avec leurs clients pass\u00e9s, pr\u00e9sents et futurs. Les racines de Jon dans le Pontiac sont profondes, [&hellip;]\" \/>\n<meta property=\"og:url\" content=\"https:\/\/calumetmedia.ca\/fr\/our-team\/\" \/>\n<meta property=\"og:site_name\" content=\"Calumet Media\" \/>\n<meta property=\"article:publisher\" content=\"https:\/\/www.facebook.com\/calumetmedia\" \/>\n<meta property=\"article:modified_time\" content=\"2025-01-05T16:05:39+00:00\" \/>\n<meta property=\"og:image\" content=\"https:\/\/calumetmedia.ca\/wp-content\/uploads\/2023\/12\/calumet-media-staff.jpg\" \/>\n\t<meta property=\"og:image:width\" content=\"2000\" \/>\n\t<meta property=\"og:image:height\" content=\"1334\" \/>\n\t<meta property=\"og:image:type\" content=\"image\/jpeg\" \/>\n<meta name=\"twitter:card\" content=\"summary_large_image\" \/>\n<meta name=\"twitter:site\" content=\"@calumetmedia\" \/>\n<meta name=\"twitter:label1\" content=\"Dur\u00e9e de lecture estim\u00e9e\" \/>\n\t<meta name=\"twitter:data1\" content=\"2 minutes\" \/>\n<script type=\"application\/ld+json\" class=\"yoast-schema-graph\">{\"@context\":\"https:\\\/\\\/schema.org\",\"@graph\":[{\"@type\":\"WebPage\",\"@id\":\"https:\\\/\\\/calumetmedia.ca\\\/fr\\\/our-team\\\/\",\"url\":\"https:\\\/\\\/calumetmedia.ca\\\/fr\\\/our-team\\\/\",\"name\":\"Notre \u00e9quipe - Calumet Media\",\"isPartOf\":{\"@id\":\"https:\\\/\\\/calumetmedia.ca\\\/fr\\\/#website\"},\"primaryImageOfPage\":{\"@id\":\"https:\\\/\\\/calumetmedia.ca\\\/fr\\\/our-team\\\/#primaryimage\"},\"image\":{\"@id\":\"https:\\\/\\\/calumetmedia.ca\\\/fr\\\/our-team\\\/#primaryimage\"},\"thumbnailUrl\":\"https:\\\/\\\/calumetmedia.ca\\\/wp-content\\\/uploads\\\/2023\\\/12\\\/calumet-media-staff.jpg\",\"datePublished\":\"2023-07-30T14:24:47+00:00\",\"dateModified\":\"2025-01-05T16:05:39+00:00\",\"breadcrumb\":{\"@id\":\"https:\\\/\\\/calumetmedia.ca\\\/fr\\\/our-team\\\/#breadcrumb\"},\"inLanguage\":\"fr-FR\",\"potentialAction\":[{\"@type\":\"ReadAction\",\"target\":[\"https:\\\/\\\/calumetmedia.ca\\\/fr\\\/our-team\\\/\"]}]},{\"@type\":\"ImageObject\",\"inLanguage\":\"fr-FR\",\"@id\":\"https:\\\/\\\/calumetmedia.ca\\\/fr\\\/our-team\\\/#primaryimage\",\"url\":\"https:\\\/\\\/calumetmedia.ca\\\/wp-content\\\/uploads\\\/2023\\\/12\\\/calumet-media-staff.jpg\",\"contentUrl\":\"https:\\\/\\\/calumetmedia.ca\\\/wp-content\\\/uploads\\\/2023\\\/12\\\/calumet-media-staff.jpg\",\"width\":2000,\"height\":1334,\"caption\":\"Shot of a group of unrecognizable people holding hands outside.\"},{\"@type\":\"BreadcrumbList\",\"@id\":\"https:\\\/\\\/calumetmedia.ca\\\/fr\\\/our-team\\\/#breadcrumb\",\"itemListElement\":[{\"@type\":\"ListItem\",\"position\":1,\"name\":\"Home\",\"item\":\"https:\\\/\\\/calumetmedia.ca\\\/fr\\\/\"},{\"@type\":\"ListItem\",\"position\":2,\"name\":\"Notre \u00e9quipe\"}]},{\"@type\":\"WebSite\",\"@id\":\"https:\\\/\\\/calumetmedia.ca\\\/fr\\\/#website\",\"url\":\"https:\\\/\\\/calumetmedia.ca\\\/fr\\\/\",\"name\":\"Calumet Media and Consulting\",\"description\":\"Solutions de marketing compl\u00e8tes pour les entreprises locales\",\"publisher\":{\"@id\":\"https:\\\/\\\/calumetmedia.ca\\\/fr\\\/#organization\"},\"alternateName\":\"Calumet Media\",\"potentialAction\":[{\"@type\":\"SearchAction\",\"target\":{\"@type\":\"EntryPoint\",\"urlTemplate\":\"https:\\\/\\\/calumetmedia.ca\\\/fr\\\/?s={search_term_string}\"},\"query-input\":{\"@type\":\"PropertyValueSpecification\",\"valueRequired\":true,\"valueName\":\"search_term_string\"}}],\"inLanguage\":\"fr-FR\"},{\"@type\":\"Organization\",\"@id\":\"https:\\\/\\\/calumetmedia.ca\\\/fr\\\/#organization\",\"name\":\"Calumet Media and Consulting\",\"alternateName\":\"Calumet Media\",\"url\":\"https:\\\/\\\/calumetmedia.ca\\\/fr\\\/\",\"logo\":{\"@type\":\"ImageObject\",\"inLanguage\":\"fr-FR\",\"@id\":\"https:\\\/\\\/calumetmedia.ca\\\/fr\\\/#\\\/schema\\\/logo\\\/image\\\/\",\"url\":\"https:\\\/\\\/qbse39.p3cdn1.secureserver.net\\\/wp-content\\\/uploads\\\/2023\\\/01\\\/chat-icon-calumet-long.png?time=1677097172\",\"contentUrl\":\"https:\\\/\\\/qbse39.p3cdn1.secureserver.net\\\/wp-content\\\/uploads\\\/2023\\\/01\\\/chat-icon-calumet-long.png?time=1677097172\",\"width\":648,\"height\":468,\"caption\":\"Calumet Media and Consulting\"},\"image\":{\"@id\":\"https:\\\/\\\/calumetmedia.ca\\\/fr\\\/#\\\/schema\\\/logo\\\/image\\\/\"},\"sameAs\":[\"https:\\\/\\\/www.facebook.com\\\/calumetmedia\",\"https:\\\/\\\/x.com\\\/calumetmedia\",\"https:\\\/\\\/www.linkedin.com\\\/company\\\/calumet-media-consulting\\\/\",\"http:\\\/\\\/www.instagram.com\\\/jonstewartshow\"]}]}<\/script>\n<!-- \/ Yoast SEO plugin. -->","yoast_head_json":{"title":"Notre \u00e9quipe - Calumet Media","robots":{"index":"index","follow":"follow","max-snippet":"max-snippet:-1","max-image-preview":"max-image-preview:large","max-video-preview":"max-video-preview:-1"},"canonical":"https:\/\/calumetmedia.ca\/fr\/our-team\/","og_locale":"fr_FR","og_type":"article","og_title":"Notre \u00e9quipe - Calumet Media","og_description":"Jon Stewart Propri\u00e9taire de Calumet Media, Jon a plus de 20 ans d&rsquo;exp\u00e9rience dans l&rsquo;industrie des m\u00e9dias au Canada. Leader de la transformation num\u00e9rique, Jon a travaill\u00e9 avec des centaines d&rsquo;entreprises et les a aid\u00e9es \u00e0 moderniser leur communication avec leurs clients pass\u00e9s, pr\u00e9sents et futurs. Les racines de Jon dans le Pontiac sont profondes, [&hellip;]","og_url":"https:\/\/calumetmedia.ca\/fr\/our-team\/","og_site_name":"Calumet Media","article_publisher":"https:\/\/www.facebook.com\/calumetmedia","article_modified_time":"2025-01-05T16:05:39+00:00","og_image":[{"width":2000,"height":1334,"url":"https:\/\/calumetmedia.ca\/wp-content\/uploads\/2023\/12\/calumet-media-staff.jpg","type":"image\/jpeg"}],"twitter_card":"summary_large_image","twitter_site":"@calumetmedia","twitter_misc":{"Dur\u00e9e de lecture estim\u00e9e":"2 minutes"},"schema":{"@context":"https:\/\/schema.org","@graph":[{"@type":"WebPage","@id":"https:\/\/calumetmedia.ca\/fr\/our-team\/","url":"https:\/\/calumetmedia.ca\/fr\/our-team\/","name":"Notre \u00e9quipe - Calumet Media","isPartOf":{"@id":"https:\/\/calumetmedia.ca\/fr\/#website"},"primaryImageOfPage":{"@id":"https:\/\/calumetmedia.ca\/fr\/our-team\/#primaryimage"},"image":{"@id":"https:\/\/calumetmedia.ca\/fr\/our-team\/#primaryimage"},"thumbnailUrl":"https:\/\/calumetmedia.ca\/wp-content\/uploads\/2023\/12\/calumet-media-staff.jpg","datePublished":"2023-07-30T14:24:47+00:00","dateModified":"2025-01-05T16:05:39+00:00","breadcrumb":{"@id":"https:\/\/calumetmedia.ca\/fr\/our-team\/#breadcrumb"},"inLanguage":"fr-FR","potentialAction":[{"@type":"ReadAction","target":["https:\/\/calumetmedia.ca\/fr\/our-team\/"]}]},{"@type":"ImageObject","inLanguage":"fr-FR","@id":"https:\/\/calumetmedia.ca\/fr\/our-team\/#primaryimage","url":"https:\/\/calumetmedia.ca\/wp-content\/uploads\/2023\/12\/calumet-media-staff.jpg","contentUrl":"https:\/\/calumetmedia.ca\/wp-content\/uploads\/2023\/12\/calumet-media-staff.jpg","width":2000,"height":1334,"caption":"Shot of a group of unrecognizable people holding hands outside."},{"@type":"BreadcrumbList","@id":"https:\/\/calumetmedia.ca\/fr\/our-team\/#breadcrumb","itemListElement":[{"@type":"ListItem","position":1,"name":"Home","item":"https:\/\/calumetmedia.ca\/fr\/"},{"@type":"ListItem","position":2,"name":"Notre \u00e9quipe"}]},{"@type":"WebSite","@id":"https:\/\/calumetmedia.ca\/fr\/#website","url":"https:\/\/calumetmedia.ca\/fr\/","name":"Calumet Media and Consulting","description":"Solutions de marketing compl\u00e8tes pour les entreprises locales","publisher":{"@id":"https:\/\/calumetmedia.ca\/fr\/#organization"},"alternateName":"Calumet Media","potentialAction":[{"@type":"SearchAction","target":{"@type":"EntryPoint","urlTemplate":"https:\/\/calumetmedia.ca\/fr\/?s={search_term_string}"},"query-input":{"@type":"PropertyValueSpecification","valueRequired":true,"valueName":"search_term_string"}}],"inLanguage":"fr-FR"},{"@type":"Organization","@id":"https:\/\/calumetmedia.ca\/fr\/#organization","name":"Calumet Media and Consulting","alternateName":"Calumet Media","url":"https:\/\/calumetmedia.ca\/fr\/","logo":{"@type":"ImageObject","inLanguage":"fr-FR","@id":"https:\/\/calumetmedia.ca\/fr\/#\/schema\/logo\/image\/","url":"https:\/\/qbse39.p3cdn1.secureserver.net\/wp-content\/uploads\/2023\/01\/chat-icon-calumet-long.png?time=1677097172","contentUrl":"https:\/\/qbse39.p3cdn1.secureserver.net\/wp-content\/uploads\/2023\/01\/chat-icon-calumet-long.png?time=1677097172","width":648,"height":468,"caption":"Calumet Media and Consulting"},"image":{"@id":"https:\/\/calumetmedia.ca\/fr\/#\/schema\/logo\/image\/"},"sameAs":["https:\/\/www.facebook.com\/calumetmedia","https:\/\/x.com\/calumetmedia","https:\/\/www.linkedin.com\/company\/calumet-media-consulting\/","http:\/\/www.instagram.com\/jonstewartshow"]}]}},"_links":{"self":[{"href":"https:\/\/calumetmedia.ca\/fr\/wp-json\/wp\/v2\/pages\/4062","targetHints":{"allow":["GET"]}}],"collection":[{"href":"https:\/\/calumetmedia.ca\/fr\/wp-json\/wp\/v2\/pages"}],"about":[{"href":"https:\/\/calumetmedia.ca\/fr\/wp-json\/wp\/v2\/types\/page"}],"author":[{"embeddable":true,"href":"https:\/\/calumetmedia.ca\/fr\/wp-json\/wp\/v2\/users\/1"}],"replies":[{"embeddable":true,"href":"https:\/\/calumetmedia.ca\/fr\/wp-json\/wp\/v2\/comments?post=4062"}],"version-history":[{"count":5,"href":"https:\/\/calumetmedia.ca\/fr\/wp-json\/wp\/v2\/pages\/4062\/revisions"}],"predecessor-version":[{"id":4381,"href":"https:\/\/calumetmedia.ca\/fr\/wp-json\/wp\/v2\/pages\/4062\/revisions\/4381"}],"wp:featuredmedia":[{"embeddable":true,"href":"https:\/\/calumetmedia.ca\/fr\/wp-json\/wp\/v2\/media\/3628"}],"wp:attachment":[{"href":"https:\/\/calumetmedia.ca\/fr\/wp-json\/wp\/v2\/media?parent=4062"}],"curies":[{"name":"wp","href":"https:\/\/api.w.org\/{rel}","templated":true}]}}