{"id":4069,"date":"2023-06-29T09:40:54","date_gmt":"2023-06-29T13:40:54","guid":{"rendered":"https:\/\/calumetmedia.ottawavalleymedia.ca\/gestion-du-marketing\/"},"modified":"2024-01-03T08:03:35","modified_gmt":"2024-01-03T13:03:35","slug":"gestion-du-marketing","status":"publish","type":"page","link":"https:\/\/calumetmedia.ca\/fr\/gestion-du-marketing\/","title":{"rendered":"Gestion du Marketing"},"content":{"rendered":"\t\t<div data-elementor-type=\"wp-page\" data-elementor-id=\"4069\" class=\"elementor elementor-4069 elementor-2838\" data-elementor-post-type=\"page\">\n\t\t\t\t<div class=\"elementor-element elementor-element-3b744f71 e-flex e-con-boxed e-con e-parent\" data-id=\"3b744f71\" data-element_type=\"container\" data-e-type=\"container\">\n\t\t\t\t\t<div class=\"e-con-inner\">\n\t\t<div class=\"elementor-element elementor-element-5698017e e-flex e-con-boxed e-con e-child\" data-id=\"5698017e\" data-element_type=\"container\" data-e-type=\"container\">\n\t\t\t\t\t<div class=\"e-con-inner\">\n\t\t<div class=\"elementor-element elementor-element-48632f0f e-con-full e-flex e-con e-child\" data-id=\"48632f0f\" data-element_type=\"container\" data-e-type=\"container\">\n\t\t\t\t<div class=\"elementor-element elementor-element-67842452 elementor-widget elementor-widget-text-editor\" data-id=\"67842452\" data-element_type=\"widget\" data-e-type=\"widget\" data-widget_type=\"text-editor.default\">\n\t\t\t\t<div class=\"elementor-widget-container\">\n\t\t\t\t\t\t\t\t\t<p>Avec plus de 20 ans d&rsquo;exp\u00e9rience dans les m\u00e9dias traditionnels, <strong>Calumet Media<\/strong> excelle dans la gestion de campagnes de marketing compl\u00e8tes pour des entreprises de toutes tailles et de toutes cat\u00e9gories. Nous combinons cette vaste expertise avec des strat\u00e9gies de pointe pour accro\u00eetre la pr\u00e9sence num\u00e9rique de votre marque et son impact dans un paysage concurrentiel. Faites-nous confiance pour naviguer dans les m\u00e9andres du marketing num\u00e9rique et faire en sorte que votre marque se distingue, mais aussi qu&rsquo;elle connaisse un succ\u00e8s durable.<\/p>\n\t\t\t\t\t\t\t\t<\/div>\n\t\t\t\t<\/div>\n\t\t\t\t<\/div>\n\t\t<div class=\"elementor-element elementor-element-152ee537 e-con-full e-flex e-con e-child\" data-id=\"152ee537\" data-element_type=\"container\" data-e-type=\"container\">\n\t\t\t\t<div class=\"elementor-element elementor-element-482d3ed3 elementor-widget elementor-widget-heading\" data-id=\"482d3ed3\" data-element_type=\"widget\" data-e-type=\"widget\" data-widget_type=\"heading.default\">\n\t\t\t\t<div class=\"elementor-widget-container\">\n\t\t\t\t\t<h4 class=\"elementor-heading-title elementor-size-default\">Campagnes Multiplateformes<\/h4>\t\t\t\t<\/div>\n\t\t\t\t<\/div>\n\t\t\t\t<div class=\"elementor-element elementor-element-dfb9b26 elementor-widget elementor-widget-text-editor\" data-id=\"dfb9b26\" data-element_type=\"widget\" data-e-type=\"widget\" data-widget_type=\"text-editor.default\">\n\t\t\t\t<div class=\"elementor-widget-container\">\n\t\t\t\t\t\t\t\t\t<p>Nous sommes sp\u00e9cialis\u00e9s dans l&rsquo;orchestration de campagnes multiplateformes compl\u00e8tes, en alignant de mani\u00e8re experte les diff\u00e9rents m\u00e9dias num\u00e9riques pour garantir un r\u00e9cit de marque unifi\u00e9 et puissant. Cette strat\u00e9gie coordonn\u00e9e \u00e9tend la port\u00e9e de votre marque et renforce l&rsquo;engagement des clients \u00e0 travers de multiples points de contact num\u00e9riques.<\/p>\n\t\t\t\t\t\t\t\t<\/div>\n\t\t\t\t<\/div>\n\t\t\t\t<\/div>\n\t\t<div class=\"elementor-element elementor-element-4e0ae87 e-con-full e-flex e-con e-child\" data-id=\"4e0ae87\" data-element_type=\"container\" data-e-type=\"container\">\n\t\t\t\t<div class=\"elementor-element elementor-element-164bc653 elementor-widget elementor-widget-heading\" data-id=\"164bc653\" data-element_type=\"widget\" data-e-type=\"widget\" data-widget_type=\"heading.default\">\n\t\t\t\t<div class=\"elementor-widget-container\">\n\t\t\t\t\t<h4 class=\"elementor-heading-title elementor-size-default\">Transparence des D\u00e9penses Budg\u00e9taires<\/h4>\t\t\t\t<\/div>\n\t\t\t\t<\/div>\n\t\t\t\t<div class=\"elementor-element elementor-element-1d9a3876 elementor-widget elementor-widget-text-editor\" data-id=\"1d9a3876\" data-element_type=\"widget\" data-e-type=\"widget\" data-widget_type=\"text-editor.default\">\n\t\t\t\t<div class=\"elementor-widget-container\">\n\t\t\t\t\t\t\t\t\t<p>L&rsquo;int\u00e9grit\u00e9 et la clart\u00e9 sont les pierres angulaires de nos pratiques financi\u00e8res. Nous fournissons une documentation budg\u00e9taire compl\u00e8te et transparente, vous donnant une compr\u00e9hension claire et d\u00e9taill\u00e9e de votre investissement et de la mani\u00e8re dont il est utilis\u00e9 efficacement dans vos efforts de marketing.<\/p>\n\t\t\t\t\t\t\t\t<\/div>\n\t\t\t\t<\/div>\n\t\t\t\t<\/div>\n\t\t<div class=\"elementor-element elementor-element-542d4c19 e-con-full e-flex e-con e-child\" data-id=\"542d4c19\" data-element_type=\"container\" data-e-type=\"container\">\n\t\t\t\t<div class=\"elementor-element elementor-element-f3f9e13 elementor-widget elementor-widget-heading\" data-id=\"f3f9e13\" data-element_type=\"widget\" data-e-type=\"widget\" data-widget_type=\"heading.default\">\n\t\t\t\t<div class=\"elementor-widget-container\">\n\t\t\t\t\t<h4 class=\"elementor-heading-title elementor-size-default\">Soutien Local Continu<\/h4>\t\t\t\t<\/div>\n\t\t\t\t<\/div>\n\t\t\t\t<div class=\"elementor-element elementor-element-685b926d elementor-widget elementor-widget-text-editor\" data-id=\"685b926d\" data-element_type=\"widget\" data-e-type=\"widget\" data-widget_type=\"text-editor.default\">\n\t\t\t\t<div class=\"elementor-widget-container\">\n\t\t\t\t\t\t\t\t\t<p>Notre engagement envers votre marque s&rsquo;\u00e9tend \u00e0 l&rsquo;optimisation continue de vos strat\u00e9gies de marketing. Nous fournissons une assistance locale permanente pour garantir que chaque aspect de votre campagne est non seulement mis en \u0153uvre, mais aussi r\u00e9guli\u00e8rement affin\u00e9 &#8211; ce qui nous permet de nous adapter rapidement aux changements et \u00e0 l&rsquo;\u00e9volution des objectifs de l&rsquo;entreprise.<\/p>\n\t\t\t\t\t\t\t\t<\/div>\n\t\t\t\t<\/div>\n\t\t\t\t<\/div>\n\t\t\t\t\t<\/div>\n\t\t\t\t<\/div>\n\t\t\t\t\t<\/div>\n\t\t\t\t<\/div>\n\t\t\t\t<\/div>\n\t\t","protected":false},"excerpt":{"rendered":"<p>Avec plus de 20 ans d&rsquo;exp\u00e9rience dans les m\u00e9dias traditionnels, Calumet Media excelle dans la gestion de campagnes de marketing compl\u00e8tes pour des entreprises de toutes tailles et de toutes cat\u00e9gories. Nous combinons cette vaste expertise avec des strat\u00e9gies de pointe pour accro\u00eetre la pr\u00e9sence num\u00e9rique de votre marque et son impact dans un paysage [&hellip;]<\/p>\n","protected":false},"author":1,"featured_media":3837,"parent":0,"menu_order":0,"comment_status":"closed","ping_status":"closed","template":"elementor_theme","meta":{"footnotes":""},"class_list":["post-4069","page","type-page","status-publish","has-post-thumbnail","hentry"],"yoast_head":"<!-- This site is optimized with the Yoast SEO plugin v27.3 - https:\/\/yoast.com\/product\/yoast-seo-wordpress\/ -->\n<title>Gestion du Marketing - Calumet Media<\/title>\n<meta name=\"robots\" content=\"index, follow, max-snippet:-1, max-image-preview:large, max-video-preview:-1\" \/>\n<link rel=\"canonical\" href=\"https:\/\/calumetmedia.ca\/fr\/gestion-du-marketing\/\" \/>\n<meta property=\"og:locale\" content=\"fr_FR\" \/>\n<meta property=\"og:type\" content=\"article\" \/>\n<meta property=\"og:title\" content=\"Gestion du Marketing - Calumet Media\" \/>\n<meta property=\"og:description\" content=\"Avec plus de 20 ans d&rsquo;exp\u00e9rience dans les m\u00e9dias traditionnels, Calumet Media excelle dans la gestion de campagnes de marketing compl\u00e8tes pour des entreprises de toutes tailles et de toutes cat\u00e9gories. Nous combinons cette vaste expertise avec des strat\u00e9gies de pointe pour accro\u00eetre la pr\u00e9sence num\u00e9rique de votre marque et son impact dans un paysage [&hellip;]\" \/>\n<meta property=\"og:url\" content=\"https:\/\/calumetmedia.ca\/fr\/gestion-du-marketing\/\" \/>\n<meta property=\"og:site_name\" content=\"Calumet Media\" \/>\n<meta property=\"article:publisher\" content=\"https:\/\/www.facebook.com\/calumetmedia\" \/>\n<meta property=\"article:modified_time\" content=\"2024-01-03T13:03:35+00:00\" \/>\n<meta property=\"og:image\" content=\"https:\/\/calumetmedia.ca\/wp-content\/uploads\/2023\/12\/marketing-management.jpg\" \/>\n\t<meta property=\"og:image:width\" content=\"2000\" \/>\n\t<meta property=\"og:image:height\" content=\"1333\" \/>\n\t<meta property=\"og:image:type\" content=\"image\/jpeg\" \/>\n<meta name=\"twitter:card\" content=\"summary_large_image\" \/>\n<meta name=\"twitter:site\" content=\"@calumetmedia\" \/>\n<meta name=\"twitter:label1\" content=\"Dur\u00e9e de lecture estim\u00e9e\" \/>\n\t<meta name=\"twitter:data1\" content=\"1 minute\" \/>\n<script type=\"application\/ld+json\" class=\"yoast-schema-graph\">{\"@context\":\"https:\\\/\\\/schema.org\",\"@graph\":[{\"@type\":\"WebPage\",\"@id\":\"https:\\\/\\\/calumetmedia.ca\\\/fr\\\/gestion-du-marketing\\\/\",\"url\":\"https:\\\/\\\/calumetmedia.ca\\\/fr\\\/gestion-du-marketing\\\/\",\"name\":\"Gestion du Marketing - Calumet Media\",\"isPartOf\":{\"@id\":\"https:\\\/\\\/calumetmedia.ca\\\/fr\\\/#website\"},\"primaryImageOfPage\":{\"@id\":\"https:\\\/\\\/calumetmedia.ca\\\/fr\\\/gestion-du-marketing\\\/#primaryimage\"},\"image\":{\"@id\":\"https:\\\/\\\/calumetmedia.ca\\\/fr\\\/gestion-du-marketing\\\/#primaryimage\"},\"thumbnailUrl\":\"https:\\\/\\\/calumetmedia.ca\\\/wp-content\\\/uploads\\\/2023\\\/12\\\/marketing-management.jpg\",\"datePublished\":\"2023-06-29T13:40:54+00:00\",\"dateModified\":\"2024-01-03T13:03:35+00:00\",\"breadcrumb\":{\"@id\":\"https:\\\/\\\/calumetmedia.ca\\\/fr\\\/gestion-du-marketing\\\/#breadcrumb\"},\"inLanguage\":\"fr-FR\",\"potentialAction\":[{\"@type\":\"ReadAction\",\"target\":[\"https:\\\/\\\/calumetmedia.ca\\\/fr\\\/gestion-du-marketing\\\/\"]}]},{\"@type\":\"ImageObject\",\"inLanguage\":\"fr-FR\",\"@id\":\"https:\\\/\\\/calumetmedia.ca\\\/fr\\\/gestion-du-marketing\\\/#primaryimage\",\"url\":\"https:\\\/\\\/calumetmedia.ca\\\/wp-content\\\/uploads\\\/2023\\\/12\\\/marketing-management.jpg\",\"contentUrl\":\"https:\\\/\\\/calumetmedia.ca\\\/wp-content\\\/uploads\\\/2023\\\/12\\\/marketing-management.jpg\",\"width\":2000,\"height\":1333,\"caption\":\"Office workplace table with report page, coffee cup, supplies and computer Flat lay. Top view\"},{\"@type\":\"BreadcrumbList\",\"@id\":\"https:\\\/\\\/calumetmedia.ca\\\/fr\\\/gestion-du-marketing\\\/#breadcrumb\",\"itemListElement\":[{\"@type\":\"ListItem\",\"position\":1,\"name\":\"Home\",\"item\":\"https:\\\/\\\/calumetmedia.ca\\\/fr\\\/\"},{\"@type\":\"ListItem\",\"position\":2,\"name\":\"Gestion du Marketing\"}]},{\"@type\":\"WebSite\",\"@id\":\"https:\\\/\\\/calumetmedia.ca\\\/fr\\\/#website\",\"url\":\"https:\\\/\\\/calumetmedia.ca\\\/fr\\\/\",\"name\":\"Calumet Media and Consulting\",\"description\":\"Solutions de marketing compl\u00e8tes pour les entreprises locales\",\"publisher\":{\"@id\":\"https:\\\/\\\/calumetmedia.ca\\\/fr\\\/#organization\"},\"alternateName\":\"Calumet Media\",\"potentialAction\":[{\"@type\":\"SearchAction\",\"target\":{\"@type\":\"EntryPoint\",\"urlTemplate\":\"https:\\\/\\\/calumetmedia.ca\\\/fr\\\/?s={search_term_string}\"},\"query-input\":{\"@type\":\"PropertyValueSpecification\",\"valueRequired\":true,\"valueName\":\"search_term_string\"}}],\"inLanguage\":\"fr-FR\"},{\"@type\":\"Organization\",\"@id\":\"https:\\\/\\\/calumetmedia.ca\\\/fr\\\/#organization\",\"name\":\"Calumet Media and Consulting\",\"alternateName\":\"Calumet Media\",\"url\":\"https:\\\/\\\/calumetmedia.ca\\\/fr\\\/\",\"logo\":{\"@type\":\"ImageObject\",\"inLanguage\":\"fr-FR\",\"@id\":\"https:\\\/\\\/calumetmedia.ca\\\/fr\\\/#\\\/schema\\\/logo\\\/image\\\/\",\"url\":\"https:\\\/\\\/qbse39.p3cdn1.secureserver.net\\\/wp-content\\\/uploads\\\/2023\\\/01\\\/chat-icon-calumet-long.png?time=1677097172\",\"contentUrl\":\"https:\\\/\\\/qbse39.p3cdn1.secureserver.net\\\/wp-content\\\/uploads\\\/2023\\\/01\\\/chat-icon-calumet-long.png?time=1677097172\",\"width\":648,\"height\":468,\"caption\":\"Calumet Media and Consulting\"},\"image\":{\"@id\":\"https:\\\/\\\/calumetmedia.ca\\\/fr\\\/#\\\/schema\\\/logo\\\/image\\\/\"},\"sameAs\":[\"https:\\\/\\\/www.facebook.com\\\/calumetmedia\",\"https:\\\/\\\/x.com\\\/calumetmedia\",\"https:\\\/\\\/www.linkedin.com\\\/company\\\/calumet-media-consulting\\\/\",\"http:\\\/\\\/www.instagram.com\\\/jonstewartshow\"]}]}<\/script>\n<!-- \/ Yoast SEO plugin. -->","yoast_head_json":{"title":"Gestion du Marketing - Calumet Media","robots":{"index":"index","follow":"follow","max-snippet":"max-snippet:-1","max-image-preview":"max-image-preview:large","max-video-preview":"max-video-preview:-1"},"canonical":"https:\/\/calumetmedia.ca\/fr\/gestion-du-marketing\/","og_locale":"fr_FR","og_type":"article","og_title":"Gestion du Marketing - Calumet Media","og_description":"Avec plus de 20 ans d&rsquo;exp\u00e9rience dans les m\u00e9dias traditionnels, Calumet Media excelle dans la gestion de campagnes de marketing compl\u00e8tes pour des entreprises de toutes tailles et de toutes cat\u00e9gories. Nous combinons cette vaste expertise avec des strat\u00e9gies de pointe pour accro\u00eetre la pr\u00e9sence num\u00e9rique de votre marque et son impact dans un paysage [&hellip;]","og_url":"https:\/\/calumetmedia.ca\/fr\/gestion-du-marketing\/","og_site_name":"Calumet Media","article_publisher":"https:\/\/www.facebook.com\/calumetmedia","article_modified_time":"2024-01-03T13:03:35+00:00","og_image":[{"width":2000,"height":1333,"url":"https:\/\/calumetmedia.ca\/wp-content\/uploads\/2023\/12\/marketing-management.jpg","type":"image\/jpeg"}],"twitter_card":"summary_large_image","twitter_site":"@calumetmedia","twitter_misc":{"Dur\u00e9e de lecture estim\u00e9e":"1 minute"},"schema":{"@context":"https:\/\/schema.org","@graph":[{"@type":"WebPage","@id":"https:\/\/calumetmedia.ca\/fr\/gestion-du-marketing\/","url":"https:\/\/calumetmedia.ca\/fr\/gestion-du-marketing\/","name":"Gestion du Marketing - Calumet Media","isPartOf":{"@id":"https:\/\/calumetmedia.ca\/fr\/#website"},"primaryImageOfPage":{"@id":"https:\/\/calumetmedia.ca\/fr\/gestion-du-marketing\/#primaryimage"},"image":{"@id":"https:\/\/calumetmedia.ca\/fr\/gestion-du-marketing\/#primaryimage"},"thumbnailUrl":"https:\/\/calumetmedia.ca\/wp-content\/uploads\/2023\/12\/marketing-management.jpg","datePublished":"2023-06-29T13:40:54+00:00","dateModified":"2024-01-03T13:03:35+00:00","breadcrumb":{"@id":"https:\/\/calumetmedia.ca\/fr\/gestion-du-marketing\/#breadcrumb"},"inLanguage":"fr-FR","potentialAction":[{"@type":"ReadAction","target":["https:\/\/calumetmedia.ca\/fr\/gestion-du-marketing\/"]}]},{"@type":"ImageObject","inLanguage":"fr-FR","@id":"https:\/\/calumetmedia.ca\/fr\/gestion-du-marketing\/#primaryimage","url":"https:\/\/calumetmedia.ca\/wp-content\/uploads\/2023\/12\/marketing-management.jpg","contentUrl":"https:\/\/calumetmedia.ca\/wp-content\/uploads\/2023\/12\/marketing-management.jpg","width":2000,"height":1333,"caption":"Office workplace table with report page, coffee cup, supplies and computer Flat lay. Top view"},{"@type":"BreadcrumbList","@id":"https:\/\/calumetmedia.ca\/fr\/gestion-du-marketing\/#breadcrumb","itemListElement":[{"@type":"ListItem","position":1,"name":"Home","item":"https:\/\/calumetmedia.ca\/fr\/"},{"@type":"ListItem","position":2,"name":"Gestion du Marketing"}]},{"@type":"WebSite","@id":"https:\/\/calumetmedia.ca\/fr\/#website","url":"https:\/\/calumetmedia.ca\/fr\/","name":"Calumet Media and Consulting","description":"Solutions de marketing compl\u00e8tes pour les entreprises locales","publisher":{"@id":"https:\/\/calumetmedia.ca\/fr\/#organization"},"alternateName":"Calumet Media","potentialAction":[{"@type":"SearchAction","target":{"@type":"EntryPoint","urlTemplate":"https:\/\/calumetmedia.ca\/fr\/?s={search_term_string}"},"query-input":{"@type":"PropertyValueSpecification","valueRequired":true,"valueName":"search_term_string"}}],"inLanguage":"fr-FR"},{"@type":"Organization","@id":"https:\/\/calumetmedia.ca\/fr\/#organization","name":"Calumet Media and Consulting","alternateName":"Calumet Media","url":"https:\/\/calumetmedia.ca\/fr\/","logo":{"@type":"ImageObject","inLanguage":"fr-FR","@id":"https:\/\/calumetmedia.ca\/fr\/#\/schema\/logo\/image\/","url":"https:\/\/qbse39.p3cdn1.secureserver.net\/wp-content\/uploads\/2023\/01\/chat-icon-calumet-long.png?time=1677097172","contentUrl":"https:\/\/qbse39.p3cdn1.secureserver.net\/wp-content\/uploads\/2023\/01\/chat-icon-calumet-long.png?time=1677097172","width":648,"height":468,"caption":"Calumet Media and Consulting"},"image":{"@id":"https:\/\/calumetmedia.ca\/fr\/#\/schema\/logo\/image\/"},"sameAs":["https:\/\/www.facebook.com\/calumetmedia","https:\/\/x.com\/calumetmedia","https:\/\/www.linkedin.com\/company\/calumet-media-consulting\/","http:\/\/www.instagram.com\/jonstewartshow"]}]}},"_links":{"self":[{"href":"https:\/\/calumetmedia.ca\/fr\/wp-json\/wp\/v2\/pages\/4069","targetHints":{"allow":["GET"]}}],"collection":[{"href":"https:\/\/calumetmedia.ca\/fr\/wp-json\/wp\/v2\/pages"}],"about":[{"href":"https:\/\/calumetmedia.ca\/fr\/wp-json\/wp\/v2\/types\/page"}],"author":[{"embeddable":true,"href":"https:\/\/calumetmedia.ca\/fr\/wp-json\/wp\/v2\/users\/1"}],"replies":[{"embeddable":true,"href":"https:\/\/calumetmedia.ca\/fr\/wp-json\/wp\/v2\/comments?post=4069"}],"version-history":[{"count":0,"href":"https:\/\/calumetmedia.ca\/fr\/wp-json\/wp\/v2\/pages\/4069\/revisions"}],"wp:featuredmedia":[{"embeddable":true,"href":"https:\/\/calumetmedia.ca\/fr\/wp-json\/wp\/v2\/media\/3837"}],"wp:attachment":[{"href":"https:\/\/calumetmedia.ca\/fr\/wp-json\/wp\/v2\/media?parent=4069"}],"curies":[{"name":"wp","href":"https:\/\/api.w.org\/{rel}","templated":true}]}}