{"id":4087,"date":"2023-02-22T11:26:20","date_gmt":"2023-02-22T16:26:20","guid":{"rendered":"https:\/\/calumetmedia.ottawavalleymedia.ca\/merci-de-nous-avoir-contactes\/"},"modified":"2024-01-04T10:44:34","modified_gmt":"2024-01-04T15:44:34","slug":"merci-de-nous-avoir-contactes","status":"publish","type":"page","link":"https:\/\/calumetmedia.ca\/fr\/merci-de-nous-avoir-contactes\/","title":{"rendered":"Merci de nous avoir contact\u00e9s!"},"content":{"rendered":"\n<div id=\"wp-block-themeisle-blocks-advanced-columns-ba35ac10\" class=\"wp-block-themeisle-blocks-advanced-columns alignfull has-2-columns has-desktop-equal-layout has-tablet-collapsedRows-layout has-mobile-collapsedRows-layout has-vertical-unset has-dark-bg\"><div class=\"wp-block-themeisle-blocks-advanced-columns-overlay\"><\/div><div class=\"innerblocks-wrap\">\n<div id=\"wp-block-themeisle-blocks-advanced-column-6436fd26\" class=\"wp-block-themeisle-blocks-advanced-column ticss-48ef8f35\">\n<figure class=\"wp-block-image aligncenter size-full ticss-39ebe30d is-style-rounded\"><img fetchpriority=\"high\" decoding=\"async\" width=\"600\" height=\"600\" src=\"https:\/\/calumetmedia.ca\/wp-content\/uploads\/2023\/02\/vog-cdap-logo-yellow.webp\" alt=\"\" class=\"wp-image-2513\" srcset=\"https:\/\/calumetmedia.ca\/wp-content\/uploads\/2023\/02\/vog-cdap-logo-yellow.webp 600w, https:\/\/calumetmedia.ca\/wp-content\/uploads\/2023\/02\/vog-cdap-logo-yellow-300x300.webp 300w, https:\/\/calumetmedia.ca\/wp-content\/uploads\/2023\/02\/vog-cdap-logo-yellow-150x150.webp 150w, https:\/\/calumetmedia.ca\/wp-content\/uploads\/2023\/02\/vog-cdap-logo-yellow-400x400.webp 400w\" sizes=\"(max-width: 600px) 100vw, 600px\" \/><\/figure>\n<\/div>\n\n\n\n<div id=\"wp-block-themeisle-blocks-advanced-column-c5a7861d\" class=\"wp-block-themeisle-blocks-advanced-column ticss-5418d6a3\">\n<h1 class=\"has-nv-site-bg-color has-text-color wp-block-heading\" id=\"h-thank-you-for-contacting-us\">Merci de nous avoir contact\u00e9s!<\/h1>\n\n\n\n<p class=\"has-nv-site-bg-color has-text-color\">Le Programme Canadien D&rsquo;adoption de Technologies Num\u00e9riques (PCANM) est un excellent moyen pour les petites entreprises comme la v\u00f4tre d&rsquo;obtenir le financement dont elles ont besoin pour \u00eatre comp\u00e9titives dans le monde num\u00e9rique d&rsquo;aujourd&rsquo;hui. Nous vous contacterons dans les 24 \u00e0 48 heures pour organiser une r\u00e9union de pr\u00e9sentation afin de r\u00e9pondre \u00e0 toutes les questions que vous pourriez avoir avant de lancer le processus.<\/p>\n\n\n\n<p class=\"has-nv-site-bg-color has-text-color\">Si votre demande est urgente, vous pouvez \u00e9galement nous envoyer un courrier \u00e9lectronique \u00e0 l&rsquo;adresse jon@calumetmedia.ca. <\/p>\n<\/div>\n<\/div><\/div>\n\n<div class=\"section-wrapper\" data-id=\"ki2Lha\"><section class=\"wp-block-gutenverse-section guten-element guten-section guten-ki2Lha layout-boxed align-stretch\"><div class=\"guten-background-overlay\"><\/div><div class=\"guten-shape-divider guten-shape-divider-top\"><\/div><div class=\"guten-shape-divider guten-shape-divider-bottom\"><\/div><div class=\"guten-container guten-column-gap-default\">\n<div class=\"wp-block-gutenverse-column guten-element guten-column guten-Y8H0Mb\"><div class=\"guten-background-overlay\"><\/div><div class=\"sticky-wrapper\" data-id=\"Y8H0Mb\"><div class=\"guten-column-wrapper\">\n<div class=\"guten-element guten-spacer guten-Xva3bW\"><\/div>\n<\/div><\/div><\/div>\n<\/div><\/section><\/div>\n\n<!-- Google tag (gtag.js) -->\n<script async=\"\" src=\"https:\/\/www.googletagmanager.com\/gtag\/js?id=G-3KQWL4EYJL\"><\/script>\n<script>\n  window.dataLayer = window.dataLayer || [];\n  function gtag(){dataLayer.push(arguments);}\n  gtag('js', new Date());\n\n  gtag('config', 'G-3KQWL4EYJL');\n<\/script>\n\n\n<div class=\"section-wrapper\" data-id=\"Jmjnhj\"><section class=\"wp-block-gutenverse-section guten-element guten-section guten-Jmjnhj layout-fullwidth align-stretch\"><div class=\"guten-background-overlay\"><\/div><div class=\"guten-shape-divider guten-shape-divider-top\"><\/div><div class=\"guten-shape-divider guten-shape-divider-bottom\"><\/div><div class=\"guten-container guten-column-gap-default\">\n<div class=\"wp-block-gutenverse-column guten-element guten-column guten-HTkVBY\"><div class=\"guten-background-overlay\"><\/div><div class=\"sticky-wrapper\" data-id=\"HTkVBY\"><div class=\"guten-column-wrapper\">\n<div class=\"section-wrapper\" data-id=\"LIBomp\"><section class=\"wp-block-gutenverse-section guten-element guten-section guten-LIBomp layout-boxed align-stretch\"><div class=\"guten-background-overlay\"><\/div><div class=\"guten-shape-divider guten-shape-divider-top\"><\/div><div class=\"guten-shape-divider guten-shape-divider-bottom\"><\/div><div class=\"guten-container guten-column-gap-default\">\n<div class=\"wp-block-gutenverse-column guten-element guten-column guten-S6ae5S\"><div class=\"guten-background-overlay\"><\/div><div class=\"sticky-wrapper\" data-id=\"S6ae5S\"><div class=\"guten-column-wrapper\">\n<div class=\"wp-block-uagb-advanced-heading uagb-block-4e9a878a\"><h2 class=\"uagb-heading-text\">Contactez nous!<\/h2><\/div>\n\n\n\n<div class=\"guten-element gutenverse-text-editor guten-1VUcNT\"><div class=\"text-content-inner\">\n<p class=\"has-nv-site-bg-color has-text-color\">Contactez-nous pour une consultation gratuite et sans obligation et travaillons ensemble \u00e0 l&rsquo;am\u00e9lioration de vos ventes et de votre marketing!<\/p>\n<\/div><\/div>\n<\/div><\/div><\/div>\n\n\n\n<div class=\"wp-block-gutenverse-column guten-element guten-column guten-xO8YVP\"><div class=\"guten-background-overlay\"><\/div><div class=\"sticky-wrapper\" data-id=\"xO8YVP\"><div class=\"guten-column-wrapper\">\n<div class=\"guten-element guten-button-wrapper guten-HwL3rh\"><a class=\"guten-button guten-button-sm\" href=\"https:\/\/calumetmedia.ca\/fr\/contact\/\"><span>Commencez<\/span><\/a><\/div>\n<\/div><\/div><\/div>\n<\/div><\/section><\/div>\n\n\n\n<div class=\"section-wrapper\" data-id=\"i2cooj\"><section class=\"wp-block-gutenverse-section guten-element guten-section guten-i2cooj layout-boxed align-stretch\"><div class=\"guten-background-overlay\"><\/div><div class=\"guten-shape-divider guten-shape-divider-top\"><\/div><div class=\"guten-shape-divider guten-shape-divider-bottom\"><\/div><div class=\"guten-container guten-column-gap-default\">\n<div class=\"wp-block-gutenverse-column guten-element guten-column guten-l03XgJ\"><div class=\"guten-background-overlay\"><\/div><div class=\"sticky-wrapper\" data-id=\"l03XgJ\"><div class=\"guten-column-wrapper\">\n<div class=\"wp-block-gutenverse-image guten-element guten-image guten-ITwWw1\"><a class=\"guten-image-wrapper\"><img decoding=\"async\" class=\"gutenverse-image-box-filled\" src=\"https:\/\/calumetmedia.ca\/wp-content\/uploads\/2022\/11\/cmc-logo.png\" height=\"428\" width=\"615\"><\/a><\/div>\n\n\n\n<div class=\"guten-element gutenverse-text-editor guten-EGZWn0\"><div class=\"text-content-inner\"><\/div><\/div>\n\n\n\n<div class=\"guten-element guten-social-icons guten-Z6MdGg rounded horizontal custom\">\n<div class=\"guten-element guten-social-icon guten-RACX3C link\"><a id=\"guten-RACX3C\" href=\"http:\/\/www.linkedin.com\/in\/jonstewartshow\/\"><i class=\"fab fa-linkedin\"><\/i><span><\/span><\/a><\/div>\n\n\n\n<div class=\"guten-element guten-social-icon guten-mru58Y facebook\"><a id=\"guten-mru58Y\" href=\"https:\/\/www.facebook.com\/calumetmedia\"><i class=\"gtn gtn-facebook-f\"><\/i><span><\/span><\/a><\/div>\n\n\n\n<div class=\"guten-element guten-social-icon guten-e1EEwG instagram\"><a id=\"guten-e1EEwG\" href=\"https:\/\/www.instagram.com\/calumetmedia\"><i class=\"fab fa-instagram\"><\/i><span><\/span><\/a><\/div>\n\n\n\n<div class=\"guten-element guten-social-icon guten-qbAMOy twitter\"><a id=\"guten-qbAMOy\" href=\"https:\/\/www.twitter.com\/calumetmedia\"><i class=\"fab fa-twitter\"><\/i><span><\/span><\/a><\/div>\n<\/div>\n<\/div><\/div><\/div>\n\n\n\n<div class=\"wp-block-gutenverse-column guten-element guten-column guten-7jshxz\"><div class=\"guten-background-overlay\"><\/div><div class=\"sticky-wrapper\" data-id=\"7jshxz\"><div class=\"guten-column-wrapper\">\n<h4 class=\"wp-block-gutenverse-heading guten-element guten-ObxZkq\">Services<\/h4>\n\n\n\n<div class=\"guten-element guten-icon-list guten-VxUp5u\">\n<div class=\"guten-element guten-icon-list-item guten-Wwqb37\"><a id=\"guten-Wwqb37\" href=\"https:\/\/calumetmedia.ca\/services-for-small-businesses\/\"><i class=\"fas fa-check\"><\/i><span class=\"list-text \">Services de Marketing Num\u00e9rique pour les Petites Entreprises<\/span><\/a><\/div>\n\n\n\n<div class=\"guten-element guten-icon-list-item guten-0GXiQu\"><a id=\"guten-0GXiQu\" href=\"https:\/\/calumetmedia.ca\/fr\/services-medias\/\"><i class=\"fas fa-check\"><\/i><span class=\"list-text \">Conseil et Formation \u00e0 la Vente pour les Marques de M\u00e9dias<\/span><\/a><\/div>\n\n\n\n<div class=\"guten-element guten-icon-list-item guten-NO9dIs\"><a id=\"guten-NO9dIs\" href=\"https:\/\/calumetmedia.ca\/fr\/audit-de-votre-site-web\/\"><i class=\"fas fa-check\"><\/i><span class=\"list-text \">Audit gratuit du r\u00e9f\u00e9rencement du site web<\/span><\/a><\/div>\n<\/div>\n<\/div><\/div><\/div>\n\n\n\n<div class=\"wp-block-gutenverse-column guten-element guten-column guten-GSdgKl\"><div class=\"guten-background-overlay\"><\/div><div class=\"sticky-wrapper\" data-id=\"GSdgKl\"><div class=\"guten-column-wrapper\">\n<h4 class=\"wp-block-gutenverse-heading guten-element guten-RwERkk\">Liens Rapides<\/h4>\n\n\n\n<div class=\"guten-element guten-icon-list guten-YztvE0\">\n<div class=\"guten-element guten-icon-list-item guten-9JEHYZ\"><a id=\"guten-9JEHYZ\" href=\"https:\/\/calumetmedia.ca\/fr\/a-propos-de-calumet-media\/\"><i class=\"fas fa-check\"><\/i><span class=\"list-text \">A Propos de Nous<\/span><\/a><\/div>\n\n\n\n<div class=\"guten-element guten-icon-list-item guten-kNCHU0\"><a id=\"guten-kNCHU0\" href=\"https:\/\/calumetmedia.ca\/about-jon-stewart\/\"><i class=\"fas fa-check\"><\/i><span class=\"list-text \">\u00c0 Propos de Jon Stewart<\/span><\/a><\/div>\n\n\n\n<div class=\"guten-element guten-icon-list-item guten-3daGYS\"><a id=\"guten-3daGYS\" href=\"https:\/\/calumetmedia.ca\/fr\/nouvelles\/\"><i class=\"fas fa-check\"><\/i><span class=\"list-text \">Nouvelles et Mises \u00e0 jour<\/span><\/a><\/div>\n\n\n\n<div class=\"guten-element guten-icon-list-item guten-jTZl8u\"><a id=\"guten-jTZl8u\"><i class=\"fas fa-check\"><\/i><span class=\"list-text \">Contact<\/span><\/a><\/div>\n<\/div>\n<\/div><\/div><\/div>\n\n\n\n<div class=\"wp-block-gutenverse-column guten-element guten-column guten-XiDd6I\"><div class=\"guten-background-overlay\"><\/div><div class=\"sticky-wrapper\" data-id=\"XiDd6I\"><div class=\"guten-column-wrapper\">\n<h2 class=\"wp-block-gutenverse-heading guten-element guten-ormijW\">Contact<\/h2>\n\n\n\n<div class=\"guten-element guten-icon-list guten-skstzK\">\n<div class=\"guten-element guten-icon-list-item guten-u4rgxR\"><a id=\"guten-u4rgxR\"><i class=\"fas fa-map-marker-alt\"><\/i><span class=\"list-text \">Otter Lake, Qu\u00e9bec, Canada<\/span><\/a><\/div>\n\n\n\n<div class=\"guten-element guten-icon-list-item guten-TLw8Ss\"><a id=\"guten-TLw8Ss\" href=\"tel:6137962991\"><i class=\"fas fa-phone-alt\"><\/i><span class=\"list-text \">(613) 796 &#8211; 2991<\/span><\/a><\/div>\n\n\n\n<div class=\"guten-element guten-icon-list-item guten-g9KKZJ\"><a id=\"guten-g9KKZJ\" href=\"mailto:jon@calumetmedia.ca\"><i class=\"fas fa-envelope\"><\/i><span class=\"list-text \">jon@calumetmedia.ca<\/span><\/a><\/div>\n<\/div>\n<\/div><\/div><\/div>\n<\/div><\/section><\/div>\n\n\n\n<div class=\"section-wrapper\" data-id=\"ob9UeO\"><section class=\"wp-block-gutenverse-section guten-element guten-section guten-ob9UeO layout-boxed align-stretch\"><div class=\"guten-background-overlay\"><\/div><div class=\"guten-shape-divider guten-shape-divider-top\"><\/div><div class=\"guten-shape-divider guten-shape-divider-bottom\"><\/div><div class=\"guten-container guten-column-gap-no\">\n<div class=\"wp-block-gutenverse-column guten-element guten-column guten-iKOdkB\"><div class=\"guten-background-overlay\"><\/div><div class=\"sticky-wrapper\" data-id=\"iKOdkB\"><div class=\"guten-column-wrapper\">\n<div class=\"guten-element gutenverse-text-editor guten-icotpe\"><div class=\"text-content-inner\">\n<p class=\"has-nv-site-bg-color has-text-color\">Copyright \u00a9 2023 Calumet Media &amp; Consulting<\/p>\n<\/div><\/div>\n<\/div><\/div><\/div>\n\n\n\n<div class=\"wp-block-gutenverse-column guten-element guten-column guten-GPSwAp\"><div class=\"guten-background-overlay\"><\/div><div class=\"sticky-wrapper\" data-id=\"GPSwAp\"><div class=\"guten-column-wrapper\">\n<div class=\"guten-element guten-icon-list guten-uB4Kcu inline-icon-list\">\n<div class=\"guten-element guten-icon-list-item guten-gvbyGv\"><a id=\"guten-gvbyGv\" href=\"https:\/\/calumetmedia.ca\/fr\/politique-de-confidentialite\/\"><span class=\"list-text no-icon\">Politique de Confidentialit\u00e9<\/span><\/a><\/div>\n<\/div>\n<\/div><\/div><\/div>\n<\/div><\/section><\/div>\n<\/div><\/div><\/div>\n<\/div><\/section><\/div>\n","protected":false},"excerpt":{"rendered":"","protected":false},"author":1,"featured_media":0,"parent":0,"menu_order":0,"comment_status":"closed","ping_status":"closed","template":"","meta":{"footnotes":""},"class_list":["post-4087","page","type-page","status-publish","hentry"],"yoast_head":"<!-- This site is optimized with the Yoast SEO plugin v27.3 - https:\/\/yoast.com\/product\/yoast-seo-wordpress\/ -->\n<title>Merci de nous avoir contact\u00e9s! - Calumet Media<\/title>\n<meta name=\"robots\" content=\"index, follow, max-snippet:-1, max-image-preview:large, max-video-preview:-1\" \/>\n<link rel=\"canonical\" href=\"https:\/\/calumetmedia.ca\/fr\/merci-de-nous-avoir-contactes\/\" \/>\n<meta property=\"og:locale\" content=\"fr_FR\" \/>\n<meta property=\"og:type\" content=\"article\" \/>\n<meta property=\"og:title\" content=\"Merci de nous avoir contact\u00e9s! - Calumet Media\" \/>\n<meta property=\"og:url\" content=\"https:\/\/calumetmedia.ca\/fr\/merci-de-nous-avoir-contactes\/\" \/>\n<meta property=\"og:site_name\" content=\"Calumet Media\" \/>\n<meta property=\"article:publisher\" content=\"https:\/\/www.facebook.com\/calumetmedia\" \/>\n<meta property=\"article:modified_time\" content=\"2024-01-04T15:44:34+00:00\" \/>\n<meta property=\"og:image\" content=\"https:\/\/calumetmedia.ca\/wp-content\/uploads\/2023\/02\/vog-cdap-logo-yellow.webp\" \/>\n<meta name=\"twitter:card\" content=\"summary_large_image\" \/>\n<meta name=\"twitter:site\" content=\"@calumetmedia\" \/>\n<meta name=\"twitter:label1\" content=\"Dur\u00e9e de lecture estim\u00e9e\" \/>\n\t<meta name=\"twitter:data1\" content=\"1 minute\" \/>\n<script type=\"application\/ld+json\" class=\"yoast-schema-graph\">{\"@context\":\"https:\\\/\\\/schema.org\",\"@graph\":[{\"@type\":\"WebPage\",\"@id\":\"https:\\\/\\\/calumetmedia.ca\\\/fr\\\/merci-de-nous-avoir-contactes\\\/\",\"url\":\"https:\\\/\\\/calumetmedia.ca\\\/fr\\\/merci-de-nous-avoir-contactes\\\/\",\"name\":\"Merci de nous avoir contact\u00e9s! - Calumet Media\",\"isPartOf\":{\"@id\":\"https:\\\/\\\/calumetmedia.ca\\\/fr\\\/#website\"},\"primaryImageOfPage\":{\"@id\":\"https:\\\/\\\/calumetmedia.ca\\\/fr\\\/merci-de-nous-avoir-contactes\\\/#primaryimage\"},\"image\":{\"@id\":\"https:\\\/\\\/calumetmedia.ca\\\/fr\\\/merci-de-nous-avoir-contactes\\\/#primaryimage\"},\"thumbnailUrl\":\"https:\\\/\\\/calumetmedia.ca\\\/wp-content\\\/uploads\\\/2023\\\/02\\\/vog-cdap-logo-yellow.webp\",\"datePublished\":\"2023-02-22T16:26:20+00:00\",\"dateModified\":\"2024-01-04T15:44:34+00:00\",\"breadcrumb\":{\"@id\":\"https:\\\/\\\/calumetmedia.ca\\\/fr\\\/merci-de-nous-avoir-contactes\\\/#breadcrumb\"},\"inLanguage\":\"fr-FR\",\"potentialAction\":[{\"@type\":\"ReadAction\",\"target\":[\"https:\\\/\\\/calumetmedia.ca\\\/fr\\\/merci-de-nous-avoir-contactes\\\/\"]}]},{\"@type\":\"ImageObject\",\"inLanguage\":\"fr-FR\",\"@id\":\"https:\\\/\\\/calumetmedia.ca\\\/fr\\\/merci-de-nous-avoir-contactes\\\/#primaryimage\",\"url\":\"https:\\\/\\\/calumetmedia.ca\\\/wp-content\\\/uploads\\\/2023\\\/02\\\/vog-cdap-logo-yellow.webp\",\"contentUrl\":\"https:\\\/\\\/calumetmedia.ca\\\/wp-content\\\/uploads\\\/2023\\\/02\\\/vog-cdap-logo-yellow.webp\"},{\"@type\":\"BreadcrumbList\",\"@id\":\"https:\\\/\\\/calumetmedia.ca\\\/fr\\\/merci-de-nous-avoir-contactes\\\/#breadcrumb\",\"itemListElement\":[{\"@type\":\"ListItem\",\"position\":1,\"name\":\"Home\",\"item\":\"https:\\\/\\\/calumetmedia.ca\\\/fr\\\/\"},{\"@type\":\"ListItem\",\"position\":2,\"name\":\"Merci de nous avoir contact\u00e9s!\"}]},{\"@type\":\"WebSite\",\"@id\":\"https:\\\/\\\/calumetmedia.ca\\\/fr\\\/#website\",\"url\":\"https:\\\/\\\/calumetmedia.ca\\\/fr\\\/\",\"name\":\"Calumet Media and Consulting\",\"description\":\"Solutions de marketing compl\u00e8tes pour les entreprises locales\",\"publisher\":{\"@id\":\"https:\\\/\\\/calumetmedia.ca\\\/fr\\\/#organization\"},\"alternateName\":\"Calumet Media\",\"potentialAction\":[{\"@type\":\"SearchAction\",\"target\":{\"@type\":\"EntryPoint\",\"urlTemplate\":\"https:\\\/\\\/calumetmedia.ca\\\/fr\\\/?s={search_term_string}\"},\"query-input\":{\"@type\":\"PropertyValueSpecification\",\"valueRequired\":true,\"valueName\":\"search_term_string\"}}],\"inLanguage\":\"fr-FR\"},{\"@type\":\"Organization\",\"@id\":\"https:\\\/\\\/calumetmedia.ca\\\/fr\\\/#organization\",\"name\":\"Calumet Media and Consulting\",\"alternateName\":\"Calumet Media\",\"url\":\"https:\\\/\\\/calumetmedia.ca\\\/fr\\\/\",\"logo\":{\"@type\":\"ImageObject\",\"inLanguage\":\"fr-FR\",\"@id\":\"https:\\\/\\\/calumetmedia.ca\\\/fr\\\/#\\\/schema\\\/logo\\\/image\\\/\",\"url\":\"https:\\\/\\\/qbse39.p3cdn1.secureserver.net\\\/wp-content\\\/uploads\\\/2023\\\/01\\\/chat-icon-calumet-long.png?time=1677097172\",\"contentUrl\":\"https:\\\/\\\/qbse39.p3cdn1.secureserver.net\\\/wp-content\\\/uploads\\\/2023\\\/01\\\/chat-icon-calumet-long.png?time=1677097172\",\"width\":648,\"height\":468,\"caption\":\"Calumet Media and Consulting\"},\"image\":{\"@id\":\"https:\\\/\\\/calumetmedia.ca\\\/fr\\\/#\\\/schema\\\/logo\\\/image\\\/\"},\"sameAs\":[\"https:\\\/\\\/www.facebook.com\\\/calumetmedia\",\"https:\\\/\\\/x.com\\\/calumetmedia\",\"https:\\\/\\\/www.linkedin.com\\\/company\\\/calumet-media-consulting\\\/\",\"http:\\\/\\\/www.instagram.com\\\/jonstewartshow\"]}]}<\/script>\n<!-- \/ Yoast SEO plugin. -->","yoast_head_json":{"title":"Merci de nous avoir contact\u00e9s! - Calumet Media","robots":{"index":"index","follow":"follow","max-snippet":"max-snippet:-1","max-image-preview":"max-image-preview:large","max-video-preview":"max-video-preview:-1"},"canonical":"https:\/\/calumetmedia.ca\/fr\/merci-de-nous-avoir-contactes\/","og_locale":"fr_FR","og_type":"article","og_title":"Merci de nous avoir contact\u00e9s! - Calumet Media","og_url":"https:\/\/calumetmedia.ca\/fr\/merci-de-nous-avoir-contactes\/","og_site_name":"Calumet Media","article_publisher":"https:\/\/www.facebook.com\/calumetmedia","article_modified_time":"2024-01-04T15:44:34+00:00","og_image":[{"url":"https:\/\/calumetmedia.ca\/wp-content\/uploads\/2023\/02\/vog-cdap-logo-yellow.webp","type":"","width":"","height":""}],"twitter_card":"summary_large_image","twitter_site":"@calumetmedia","twitter_misc":{"Dur\u00e9e de lecture estim\u00e9e":"1 minute"},"schema":{"@context":"https:\/\/schema.org","@graph":[{"@type":"WebPage","@id":"https:\/\/calumetmedia.ca\/fr\/merci-de-nous-avoir-contactes\/","url":"https:\/\/calumetmedia.ca\/fr\/merci-de-nous-avoir-contactes\/","name":"Merci de nous avoir contact\u00e9s! - Calumet Media","isPartOf":{"@id":"https:\/\/calumetmedia.ca\/fr\/#website"},"primaryImageOfPage":{"@id":"https:\/\/calumetmedia.ca\/fr\/merci-de-nous-avoir-contactes\/#primaryimage"},"image":{"@id":"https:\/\/calumetmedia.ca\/fr\/merci-de-nous-avoir-contactes\/#primaryimage"},"thumbnailUrl":"https:\/\/calumetmedia.ca\/wp-content\/uploads\/2023\/02\/vog-cdap-logo-yellow.webp","datePublished":"2023-02-22T16:26:20+00:00","dateModified":"2024-01-04T15:44:34+00:00","breadcrumb":{"@id":"https:\/\/calumetmedia.ca\/fr\/merci-de-nous-avoir-contactes\/#breadcrumb"},"inLanguage":"fr-FR","potentialAction":[{"@type":"ReadAction","target":["https:\/\/calumetmedia.ca\/fr\/merci-de-nous-avoir-contactes\/"]}]},{"@type":"ImageObject","inLanguage":"fr-FR","@id":"https:\/\/calumetmedia.ca\/fr\/merci-de-nous-avoir-contactes\/#primaryimage","url":"https:\/\/calumetmedia.ca\/wp-content\/uploads\/2023\/02\/vog-cdap-logo-yellow.webp","contentUrl":"https:\/\/calumetmedia.ca\/wp-content\/uploads\/2023\/02\/vog-cdap-logo-yellow.webp"},{"@type":"BreadcrumbList","@id":"https:\/\/calumetmedia.ca\/fr\/merci-de-nous-avoir-contactes\/#breadcrumb","itemListElement":[{"@type":"ListItem","position":1,"name":"Home","item":"https:\/\/calumetmedia.ca\/fr\/"},{"@type":"ListItem","position":2,"name":"Merci de nous avoir contact\u00e9s!"}]},{"@type":"WebSite","@id":"https:\/\/calumetmedia.ca\/fr\/#website","url":"https:\/\/calumetmedia.ca\/fr\/","name":"Calumet Media and Consulting","description":"Solutions de marketing compl\u00e8tes pour les entreprises locales","publisher":{"@id":"https:\/\/calumetmedia.ca\/fr\/#organization"},"alternateName":"Calumet Media","potentialAction":[{"@type":"SearchAction","target":{"@type":"EntryPoint","urlTemplate":"https:\/\/calumetmedia.ca\/fr\/?s={search_term_string}"},"query-input":{"@type":"PropertyValueSpecification","valueRequired":true,"valueName":"search_term_string"}}],"inLanguage":"fr-FR"},{"@type":"Organization","@id":"https:\/\/calumetmedia.ca\/fr\/#organization","name":"Calumet Media and Consulting","alternateName":"Calumet Media","url":"https:\/\/calumetmedia.ca\/fr\/","logo":{"@type":"ImageObject","inLanguage":"fr-FR","@id":"https:\/\/calumetmedia.ca\/fr\/#\/schema\/logo\/image\/","url":"https:\/\/qbse39.p3cdn1.secureserver.net\/wp-content\/uploads\/2023\/01\/chat-icon-calumet-long.png?time=1677097172","contentUrl":"https:\/\/qbse39.p3cdn1.secureserver.net\/wp-content\/uploads\/2023\/01\/chat-icon-calumet-long.png?time=1677097172","width":648,"height":468,"caption":"Calumet Media and Consulting"},"image":{"@id":"https:\/\/calumetmedia.ca\/fr\/#\/schema\/logo\/image\/"},"sameAs":["https:\/\/www.facebook.com\/calumetmedia","https:\/\/x.com\/calumetmedia","https:\/\/www.linkedin.com\/company\/calumet-media-consulting\/","http:\/\/www.instagram.com\/jonstewartshow"]}]}},"_links":{"self":[{"href":"https:\/\/calumetmedia.ca\/fr\/wp-json\/wp\/v2\/pages\/4087","targetHints":{"allow":["GET"]}}],"collection":[{"href":"https:\/\/calumetmedia.ca\/fr\/wp-json\/wp\/v2\/pages"}],"about":[{"href":"https:\/\/calumetmedia.ca\/fr\/wp-json\/wp\/v2\/types\/page"}],"author":[{"embeddable":true,"href":"https:\/\/calumetmedia.ca\/fr\/wp-json\/wp\/v2\/users\/1"}],"replies":[{"embeddable":true,"href":"https:\/\/calumetmedia.ca\/fr\/wp-json\/wp\/v2\/comments?post=4087"}],"version-history":[{"count":0,"href":"https:\/\/calumetmedia.ca\/fr\/wp-json\/wp\/v2\/pages\/4087\/revisions"}],"wp:attachment":[{"href":"https:\/\/calumetmedia.ca\/fr\/wp-json\/wp\/v2\/media?parent=4087"}],"curies":[{"name":"wp","href":"https:\/\/api.w.org\/{rel}","templated":true}]}}